{"id":2686,"date":"2021-09-16T09:27:16","date_gmt":"2021-09-16T13:27:16","guid":{"rendered":"https:\/\/izhaba.com\/cart\/"},"modified":"2023-06-02T12:06:17","modified_gmt":"2023-06-02T16:06:17","slug":"cart","status":"publish","type":"page","link":"https:\/\/izhaba.com\/en\/cart\/","title":{"rendered":"Cart"},"content":{"rendered":"\t\t<div data-elementor-type=\"wp-page\" data-elementor-id=\"2686\" class=\"elementor elementor-2686 elementor-467\" data-elementor-post-type=\"page\">\n\t\t\t\t\t\t<section class=\"elementor-section elementor-top-section elementor-element elementor-element-5aa1b91e elementor-section-boxed elementor-section-height-default elementor-section-height-default\" data-id=\"5aa1b91e\" data-element_type=\"section\" data-settings=\"{&quot;background_background&quot;:&quot;classic&quot;}\">\n\t\t\t\t\t\t\t<div class=\"elementor-background-overlay\"><\/div>\n\t\t\t\t\t\t\t<div class=\"elementor-container elementor-column-gap-default\">\n\t\t\t\t\t<div class=\"elementor-column elementor-col-100 elementor-top-column elementor-element elementor-element-1bf2e27e\" data-id=\"1bf2e27e\" data-element_type=\"column\">\n\t\t\t<div class=\"elementor-widget-wrap elementor-element-populated\">\n\t\t\t\t\t\t<div class=\"elementor-element elementor-element-79e63f8 elementor-widget elementor-widget-heading\" data-id=\"79e63f8\" data-element_type=\"widget\" data-widget_type=\"heading.default\">\n\t\t\t\t<div class=\"elementor-widget-container\">\n\t\t\t<h1 class=\"elementor-heading-title elementor-size-default\">Votre panier<\/h1>\t\t<\/div>\n\t\t\t\t<\/div>\n\t\t\t\t<div class=\"elementor-element elementor-element-4d78babd elementor-widget elementor-widget-text-editor\" data-id=\"4d78babd\" data-element_type=\"widget\" data-widget_type=\"text-editor.default\">\n\t\t\t\t<div class=\"elementor-widget-container\">\n\t\t\t\t\t\t\t<!-- wp:shortcode --><div class=\"woocommerce\"><div class=\"woocommerce-notices-wrapper\"><\/div><div class=\"wc-empty-cart-message\">\n\t<div class=\"cart-empty woocommerce-info\">\n\t\tYour cart is currently empty.\t<\/div>\n<\/div>\t<p class=\"return-to-shop\">\n\t\t<a class=\"button wc-backward\" href=\"https:\/\/izhaba.com\/librairie\/\">\n\t\t\tReturn to shop\t\t<\/a>\n\t<\/p>\n<\/div><!-- \/wp:shortcode -->\t\t\t\t\t\t<\/div>\n\t\t\t\t<\/div>\n\t\t\t\t\t<\/div>\n\t\t<\/div>\n\t\t\t\t\t<\/div>\n\t\t<\/section>\n\t\t\t\t<\/div>\n\t\t","protected":false},"excerpt":{"rendered":"<p>Votre panier<\/p>\n","protected":false},"author":2,"featured_media":0,"parent":0,"menu_order":0,"comment_status":"closed","ping_status":"closed","template":"","meta":{"footnotes":""},"class_list":["post-2686","page","type-page","status-publish","hentry"],"yoast_head":"<!-- This site is optimized with the Yoast SEO plugin v27.5 - https:\/\/yoast.com\/product\/yoast-seo-wordpress\/ -->\n<title>Cart - Les \u00c9ditions Izhaba<\/title>\n<meta name=\"robots\" content=\"index, follow, max-snippet:-1, max-image-preview:large, max-video-preview:-1\" \/>\n<link rel=\"canonical\" href=\"https:\/\/izhaba.com\/en\/cart\/\" \/>\n<meta property=\"og:locale\" content=\"en_US\" \/>\n<meta property=\"og:type\" content=\"article\" \/>\n<meta property=\"og:title\" content=\"Cart - Les \u00c9ditions Izhaba\" \/>\n<meta property=\"og:description\" content=\"Votre panier\" \/>\n<meta property=\"og:url\" content=\"https:\/\/izhaba.com\/en\/cart\/\" \/>\n<meta property=\"og:site_name\" content=\"Les \u00c9ditions Izhaba\" \/>\n<meta property=\"article:modified_time\" content=\"2023-06-02T16:06:17+00:00\" \/>\n<meta name=\"twitter:card\" content=\"summary_large_image\" \/>\n<script type=\"application\/ld+json\" class=\"yoast-schema-graph\">{\"@context\":\"https:\\\/\\\/schema.org\",\"@graph\":[{\"@type\":\"WebPage\",\"@id\":\"https:\\\/\\\/izhaba.com\\\/en\\\/cart\\\/\",\"url\":\"https:\\\/\\\/izhaba.com\\\/en\\\/cart\\\/\",\"name\":\"Cart - Les \u00c9ditions Izhaba\",\"isPartOf\":{\"@id\":\"https:\\\/\\\/izhaba.com\\\/#website\"},\"datePublished\":\"2021-09-16T13:27:16+00:00\",\"dateModified\":\"2023-06-02T16:06:17+00:00\",\"breadcrumb\":{\"@id\":\"https:\\\/\\\/izhaba.com\\\/en\\\/cart\\\/#breadcrumb\"},\"inLanguage\":\"en-US\",\"potentialAction\":[{\"@type\":\"ReadAction\",\"target\":[\"https:\\\/\\\/izhaba.com\\\/en\\\/cart\\\/\"]}]},{\"@type\":\"BreadcrumbList\",\"@id\":\"https:\\\/\\\/izhaba.com\\\/en\\\/cart\\\/#breadcrumb\",\"itemListElement\":[{\"@type\":\"ListItem\",\"position\":1,\"name\":\"Accueil\",\"item\":\"https:\\\/\\\/izhaba.com\\\/\"},{\"@type\":\"ListItem\",\"position\":2,\"name\":\"Cart\"}]},{\"@type\":\"WebSite\",\"@id\":\"https:\\\/\\\/izhaba.com\\\/#website\",\"url\":\"https:\\\/\\\/izhaba.com\\\/\",\"name\":\"Les \u00c9ditions Izhaba\",\"description\":\"Perdu dans le n\u00e9ant de l&#039;espace, on \u00e9dite de beaux livres\",\"potentialAction\":[{\"@type\":\"SearchAction\",\"target\":{\"@type\":\"EntryPoint\",\"urlTemplate\":\"https:\\\/\\\/izhaba.com\\\/?s={search_term_string}\"},\"query-input\":{\"@type\":\"PropertyValueSpecification\",\"valueRequired\":true,\"valueName\":\"search_term_string\"}}],\"inLanguage\":\"en-US\"}]}<\/script>\n<!-- \/ Yoast SEO plugin. -->","yoast_head_json":{"title":"Cart - Les \u00c9ditions Izhaba","robots":{"index":"index","follow":"follow","max-snippet":"max-snippet:-1","max-image-preview":"max-image-preview:large","max-video-preview":"max-video-preview:-1"},"canonical":"https:\/\/izhaba.com\/en\/cart\/","og_locale":"en_US","og_type":"article","og_title":"Cart - Les \u00c9ditions Izhaba","og_description":"Votre panier","og_url":"https:\/\/izhaba.com\/en\/cart\/","og_site_name":"Les \u00c9ditions Izhaba","article_modified_time":"2023-06-02T16:06:17+00:00","twitter_card":"summary_large_image","schema":{"@context":"https:\/\/schema.org","@graph":[{"@type":"WebPage","@id":"https:\/\/izhaba.com\/en\/cart\/","url":"https:\/\/izhaba.com\/en\/cart\/","name":"Cart - Les \u00c9ditions Izhaba","isPartOf":{"@id":"https:\/\/izhaba.com\/#website"},"datePublished":"2021-09-16T13:27:16+00:00","dateModified":"2023-06-02T16:06:17+00:00","breadcrumb":{"@id":"https:\/\/izhaba.com\/en\/cart\/#breadcrumb"},"inLanguage":"en-US","potentialAction":[{"@type":"ReadAction","target":["https:\/\/izhaba.com\/en\/cart\/"]}]},{"@type":"BreadcrumbList","@id":"https:\/\/izhaba.com\/en\/cart\/#breadcrumb","itemListElement":[{"@type":"ListItem","position":1,"name":"Accueil","item":"https:\/\/izhaba.com\/"},{"@type":"ListItem","position":2,"name":"Cart"}]},{"@type":"WebSite","@id":"https:\/\/izhaba.com\/#website","url":"https:\/\/izhaba.com\/","name":"Les \u00c9ditions Izhaba","description":"Perdu dans le n\u00e9ant de l&#039;espace, on \u00e9dite de beaux livres","potentialAction":[{"@type":"SearchAction","target":{"@type":"EntryPoint","urlTemplate":"https:\/\/izhaba.com\/?s={search_term_string}"},"query-input":{"@type":"PropertyValueSpecification","valueRequired":true,"valueName":"search_term_string"}}],"inLanguage":"en-US"}]}},"_links":{"self":[{"href":"https:\/\/izhaba.com\/en\/wp-json\/wp\/v2\/pages\/2686","targetHints":{"allow":["GET"]}}],"collection":[{"href":"https:\/\/izhaba.com\/en\/wp-json\/wp\/v2\/pages"}],"about":[{"href":"https:\/\/izhaba.com\/en\/wp-json\/wp\/v2\/types\/page"}],"author":[{"embeddable":true,"href":"https:\/\/izhaba.com\/en\/wp-json\/wp\/v2\/users\/2"}],"replies":[{"embeddable":true,"href":"https:\/\/izhaba.com\/en\/wp-json\/wp\/v2\/comments?post=2686"}],"version-history":[{"count":0,"href":"https:\/\/izhaba.com\/en\/wp-json\/wp\/v2\/pages\/2686\/revisions"}],"wp:attachment":[{"href":"https:\/\/izhaba.com\/en\/wp-json\/wp\/v2\/media?parent=2686"}],"curies":[{"name":"wp","href":"https:\/\/api.w.org\/{rel}","templated":true}]}}