{"id":2687,"date":"2021-09-16T09:27:16","date_gmt":"2021-09-16T13:27:16","guid":{"rendered":"https:\/\/izhaba.com\/checkout\/"},"modified":"2024-05-23T10:29:21","modified_gmt":"2024-05-23T14:29:21","slug":"checkout","status":"publish","type":"page","link":"https:\/\/izhaba.com\/en\/checkout\/","title":{"rendered":"Ordering"},"content":{"rendered":"\t\t<div data-elementor-type=\"wp-page\" data-elementor-id=\"2687\" class=\"elementor elementor-2687 elementor-468\" data-elementor-post-type=\"page\">\n\t\t\t\t\t\t<section class=\"elementor-section elementor-top-section elementor-element elementor-element-7c54c33 elementor-section-boxed elementor-section-height-default elementor-section-height-default\" data-id=\"7c54c33\" data-element_type=\"section\" data-settings=\"{&quot;background_background&quot;:&quot;classic&quot;}\">\n\t\t\t\t\t\t\t<div class=\"elementor-background-overlay\"><\/div>\n\t\t\t\t\t\t\t<div class=\"elementor-container elementor-column-gap-no\">\n\t\t\t\t\t<div class=\"elementor-column elementor-col-33 elementor-top-column elementor-element elementor-element-118c04a\" data-id=\"118c04a\" data-element_type=\"column\">\n\t\t\t<div class=\"elementor-widget-wrap elementor-element-populated\">\n\t\t\t\t\t\t<div class=\"elementor-element elementor-element-21d19d6 elementor-widget elementor-widget-heading\" data-id=\"21d19d6\" data-element_type=\"widget\" data-widget_type=\"heading.default\">\n\t\t\t\t<div class=\"elementor-widget-container\">\n\t\t\t<h2 class=\"elementor-heading-title elementor-size-default\">Your order<\/h2>\t\t<\/div>\n\t\t\t\t<\/div>\n\t\t\t\t\t<\/div>\n\t\t<\/div>\n\t\t\t\t<div class=\"elementor-column elementor-col-33 elementor-top-column elementor-element elementor-element-511ccd8\" data-id=\"511ccd8\" data-element_type=\"column\">\n\t\t\t<div class=\"elementor-widget-wrap elementor-element-populated\">\n\t\t\t\t\t\t<div class=\"elementor-element elementor-element-ac9120e toggle-icon--basket-solid elementor-menu-cart--items-indicator-bubble elementor-menu-cart--show-subtotal-yes elementor-menu-cart--cart-type-side-cart elementor-menu-cart--show-remove-button-yes elementor-widget elementor-widget-woocommerce-menu-cart\" data-id=\"ac9120e\" data-element_type=\"widget\" data-settings=\"{&quot;cart_type&quot;:&quot;side-cart&quot;,&quot;open_cart&quot;:&quot;click&quot;,&quot;automatically_open_cart&quot;:&quot;no&quot;}\" data-widget_type=\"woocommerce-menu-cart.default\">\n\t\t\t\t<div class=\"elementor-widget-container\">\n\t\t\t\t\t<div class=\"elementor-menu-cart__wrapper\">\n\t\t\t\t\t\t\t<div class=\"elementor-menu-cart__toggle_wrapper\">\n\t\t\t\t\t<div class=\"elementor-menu-cart__container elementor-lightbox\" aria-hidden=\"true\">\n\t\t\t\t\t\t<div class=\"elementor-menu-cart__main\" aria-hidden=\"true\">\n\t\t\t\t\t\t\t\t\t<div class=\"elementor-menu-cart__close-button\">\n\t\t\t\t\t<\/div>\n\t\t\t\t\t\t\t\t\t<div class=\"widget_shopping_cart_content\">\n\t\t\t\t\t\t\t\t\t\t\t\t\t\t\t<\/div>\n\t\t\t\t\t\t<\/div>\n\t\t\t\t\t<\/div>\n\t\t\t\t\t\t\t<div class=\"elementor-menu-cart__toggle elementor-button-wrapper\">\n\t\t\t<a id=\"elementor-menu-cart__toggle_button\" href=\"#\" class=\"elementor-menu-cart__toggle_button elementor-button elementor-size-sm\" aria-expanded=\"false\">\n\t\t\t\t<span class=\"elementor-button-text\"><span class=\"woocommerce-Price-amount amount\"><bdi><span class=\"woocommerce-Price-currencySymbol\">&#36;<\/span>&nbsp;0.00<\/bdi><\/span><\/span>\n\t\t\t\t<span class=\"elementor-button-icon\">\n\t\t\t\t\t<span class=\"elementor-button-icon-qty\" data-counter=\"0\">0<\/span>\n\t\t\t\t\t<i class=\"eicon-basket-solid\"><\/i>\t\t\t\t\t<span class=\"elementor-screen-only\">Cart<\/span>\n\t\t\t\t<\/span>\n\t\t\t<\/a>\n\t\t<\/div>\n\t\t\t\t\t\t<\/div>\n\t\t\t\t\t<\/div> <!-- close elementor-menu-cart__wrapper -->\n\t\t\t\t<\/div>\n\t\t\t\t<\/div>\n\t\t\t\t\t<\/div>\n\t\t<\/div>\n\t\t\t\t<div class=\"elementor-column elementor-col-33 elementor-top-column elementor-element elementor-element-8420853\" data-id=\"8420853\" data-element_type=\"column\">\n\t\t\t<div class=\"elementor-widget-wrap\">\n\t\t\t\t\t\t\t<\/div>\n\t\t<\/div>\n\t\t\t\t\t<\/div>\n\t\t<\/section>\n\t\t\t\t<section class=\"elementor-section elementor-top-section elementor-element elementor-element-13cfa1a2 elementor-section-boxed elementor-section-height-default elementor-section-height-default\" data-id=\"13cfa1a2\" data-element_type=\"section\">\n\t\t\t\t\t\t\t<div class=\"elementor-background-overlay\"><\/div>\n\t\t\t\t\t\t\t<div class=\"elementor-container elementor-column-gap-default\">\n\t\t\t\t\t<div class=\"elementor-column elementor-col-100 elementor-top-column elementor-element elementor-element-4d3573c2\" data-id=\"4d3573c2\" data-element_type=\"column\">\n\t\t\t<div class=\"elementor-widget-wrap elementor-element-populated\">\n\t\t\t\t\t\t<div class=\"elementor-element elementor-element-d6ad457 elementor-widget-divider--view-line elementor-widget elementor-widget-divider\" data-id=\"d6ad457\" data-element_type=\"widget\" data-widget_type=\"divider.default\">\n\t\t\t\t<div class=\"elementor-widget-container\">\n\t\t\t\t\t<div class=\"elementor-divider\">\n\t\t\t<span class=\"elementor-divider-separator\">\n\t\t\t\t\t\t<\/span>\n\t\t<\/div>\n\t\t\t\t<\/div>\n\t\t\t\t<\/div>\n\t\t\t\t<div class=\"elementor-element elementor-element-ac77860 elementor-widget elementor-widget-text-editor\" data-id=\"ac77860\" data-element_type=\"widget\" data-widget_type=\"text-editor.default\">\n\t\t\t\t<div class=\"elementor-widget-container\">\n\t\t\t\t\t\t\t<div class=\"woocommerce\"><div class=\"woocommerce-notices-wrapper\"><\/div><\/div>\n\t\t\t\t\t\t<\/div>\n\t\t\t\t<\/div>\n\t\t\t\t\t<\/div>\n\t\t<\/div>\n\t\t\t\t\t<\/div>\n\t\t<\/section>\n\t\t\t\t<\/div>\n\t\t","protected":false},"excerpt":{"rendered":"<p>Your order<\/p>\n","protected":false},"author":1,"featured_media":0,"parent":0,"menu_order":0,"comment_status":"closed","ping_status":"closed","template":"","meta":{"footnotes":""},"class_list":["post-2687","page","type-page","status-publish","hentry"],"yoast_head":"<!-- This site is optimized with the Yoast SEO plugin v27.5 - https:\/\/yoast.com\/product\/yoast-seo-wordpress\/ -->\n<title>Ordering - Les \u00c9ditions Izhaba<\/title>\n<meta name=\"robots\" content=\"index, follow, max-snippet:-1, max-image-preview:large, max-video-preview:-1\" \/>\n<link rel=\"canonical\" href=\"https:\/\/izhaba.com\/en\/checkout\/\" \/>\n<meta property=\"og:locale\" content=\"en_US\" \/>\n<meta property=\"og:type\" content=\"article\" \/>\n<meta property=\"og:title\" content=\"Ordering - Les \u00c9ditions Izhaba\" \/>\n<meta property=\"og:description\" content=\"Your order\" \/>\n<meta property=\"og:url\" content=\"https:\/\/izhaba.com\/en\/checkout\/\" \/>\n<meta property=\"og:site_name\" content=\"Les \u00c9ditions Izhaba\" \/>\n<meta property=\"article:modified_time\" content=\"2024-05-23T14:29:21+00:00\" \/>\n<meta name=\"twitter:card\" content=\"summary_large_image\" \/>\n<script type=\"application\/ld+json\" class=\"yoast-schema-graph\">{\"@context\":\"https:\\\/\\\/schema.org\",\"@graph\":[{\"@type\":\"WebPage\",\"@id\":\"https:\\\/\\\/izhaba.com\\\/en\\\/checkout\\\/\",\"url\":\"https:\\\/\\\/izhaba.com\\\/en\\\/checkout\\\/\",\"name\":\"Ordering - Les \u00c9ditions Izhaba\",\"isPartOf\":{\"@id\":\"https:\\\/\\\/izhaba.com\\\/#website\"},\"datePublished\":\"2021-09-16T13:27:16+00:00\",\"dateModified\":\"2024-05-23T14:29:21+00:00\",\"breadcrumb\":{\"@id\":\"https:\\\/\\\/izhaba.com\\\/en\\\/checkout\\\/#breadcrumb\"},\"inLanguage\":\"en-US\",\"potentialAction\":[{\"@type\":\"ReadAction\",\"target\":[\"https:\\\/\\\/izhaba.com\\\/en\\\/checkout\\\/\"]}]},{\"@type\":\"BreadcrumbList\",\"@id\":\"https:\\\/\\\/izhaba.com\\\/en\\\/checkout\\\/#breadcrumb\",\"itemListElement\":[{\"@type\":\"ListItem\",\"position\":1,\"name\":\"Accueil\",\"item\":\"https:\\\/\\\/izhaba.com\\\/\"},{\"@type\":\"ListItem\",\"position\":2,\"name\":\"Ordering\"}]},{\"@type\":\"WebSite\",\"@id\":\"https:\\\/\\\/izhaba.com\\\/#website\",\"url\":\"https:\\\/\\\/izhaba.com\\\/\",\"name\":\"Les \u00c9ditions Izhaba\",\"description\":\"Perdu dans le n\u00e9ant de l&#039;espace, on \u00e9dite de beaux livres\",\"potentialAction\":[{\"@type\":\"SearchAction\",\"target\":{\"@type\":\"EntryPoint\",\"urlTemplate\":\"https:\\\/\\\/izhaba.com\\\/?s={search_term_string}\"},\"query-input\":{\"@type\":\"PropertyValueSpecification\",\"valueRequired\":true,\"valueName\":\"search_term_string\"}}],\"inLanguage\":\"en-US\"}]}<\/script>\n<!-- \/ Yoast SEO plugin. -->","yoast_head_json":{"title":"Ordering - Les \u00c9ditions Izhaba","robots":{"index":"index","follow":"follow","max-snippet":"max-snippet:-1","max-image-preview":"max-image-preview:large","max-video-preview":"max-video-preview:-1"},"canonical":"https:\/\/izhaba.com\/en\/checkout\/","og_locale":"en_US","og_type":"article","og_title":"Ordering - Les \u00c9ditions Izhaba","og_description":"Your order","og_url":"https:\/\/izhaba.com\/en\/checkout\/","og_site_name":"Les \u00c9ditions Izhaba","article_modified_time":"2024-05-23T14:29:21+00:00","twitter_card":"summary_large_image","schema":{"@context":"https:\/\/schema.org","@graph":[{"@type":"WebPage","@id":"https:\/\/izhaba.com\/en\/checkout\/","url":"https:\/\/izhaba.com\/en\/checkout\/","name":"Ordering - Les \u00c9ditions Izhaba","isPartOf":{"@id":"https:\/\/izhaba.com\/#website"},"datePublished":"2021-09-16T13:27:16+00:00","dateModified":"2024-05-23T14:29:21+00:00","breadcrumb":{"@id":"https:\/\/izhaba.com\/en\/checkout\/#breadcrumb"},"inLanguage":"en-US","potentialAction":[{"@type":"ReadAction","target":["https:\/\/izhaba.com\/en\/checkout\/"]}]},{"@type":"BreadcrumbList","@id":"https:\/\/izhaba.com\/en\/checkout\/#breadcrumb","itemListElement":[{"@type":"ListItem","position":1,"name":"Accueil","item":"https:\/\/izhaba.com\/"},{"@type":"ListItem","position":2,"name":"Ordering"}]},{"@type":"WebSite","@id":"https:\/\/izhaba.com\/#website","url":"https:\/\/izhaba.com\/","name":"Les \u00c9ditions Izhaba","description":"Perdu dans le n\u00e9ant de l&#039;espace, on \u00e9dite de beaux livres","potentialAction":[{"@type":"SearchAction","target":{"@type":"EntryPoint","urlTemplate":"https:\/\/izhaba.com\/?s={search_term_string}"},"query-input":{"@type":"PropertyValueSpecification","valueRequired":true,"valueName":"search_term_string"}}],"inLanguage":"en-US"}]}},"_links":{"self":[{"href":"https:\/\/izhaba.com\/en\/wp-json\/wp\/v2\/pages\/2687","targetHints":{"allow":["GET"]}}],"collection":[{"href":"https:\/\/izhaba.com\/en\/wp-json\/wp\/v2\/pages"}],"about":[{"href":"https:\/\/izhaba.com\/en\/wp-json\/wp\/v2\/types\/page"}],"author":[{"embeddable":true,"href":"https:\/\/izhaba.com\/en\/wp-json\/wp\/v2\/users\/1"}],"replies":[{"embeddable":true,"href":"https:\/\/izhaba.com\/en\/wp-json\/wp\/v2\/comments?post=2687"}],"version-history":[{"count":4,"href":"https:\/\/izhaba.com\/en\/wp-json\/wp\/v2\/pages\/2687\/revisions"}],"predecessor-version":[{"id":2910,"href":"https:\/\/izhaba.com\/en\/wp-json\/wp\/v2\/pages\/2687\/revisions\/2910"}],"wp:attachment":[{"href":"https:\/\/izhaba.com\/en\/wp-json\/wp\/v2\/media?parent=2687"}],"curies":[{"name":"wp","href":"https:\/\/api.w.org\/{rel}","templated":true}]}}