{"id":2870,"date":"2021-10-12T11:33:20","date_gmt":"2021-10-12T15:33:20","guid":{"rendered":"https:\/\/izhaba.com\/le-temple-des-dieux-fous\/"},"modified":"2023-12-20T19:34:48","modified_gmt":"2023-12-21T00:34:48","slug":"le-temple-des-dieux-fous","status":"publish","type":"page","link":"https:\/\/izhaba.com\/en\/","title":{"rendered":"Le TEMPLE des DIEUX FOUS"},"content":{"rendered":"\t\t<div data-elementor-type=\"wp-page\" data-elementor-id=\"2870\" class=\"elementor elementor-2870 elementor-1440\" data-elementor-post-type=\"page\">\n\t\t\t\t\t\t<section data-pafe-particles=\"94d99b9\" data-pafe-particles-options=\"{&quot;quantity&quot;:100,&quot;particles_color&quot;:&quot;#CECECE&quot;,&quot;linked_color&quot;:&quot;#FF685E&quot;,&quot;hover_effect&quot;:&quot;[\\&quot;grab\\&quot;, \\&quot;bubble\\&quot;]&quot;,&quot;click_effect&quot;:&quot;&quot;,&quot;particles_shape&quot;:&quot;star&quot;,&quot;particles_size&quot;:3,&quot;particles_speed&quot;:2,&quot;particles_image&quot;:&quot;https:\\\/\\\/izhaba.com\\\/wp-content\\\/plugins\\\/elementor\\\/assets\\\/images\\\/placeholder.png&quot;,&quot;particles_opacity&quot;:{&quot;unit&quot;:&quot;px&quot;,&quot;size&quot;:0.3,&quot;sizes&quot;:[]},&quot;linked_opacity&quot;:0.6}\" class=\"elementor-section elementor-top-section elementor-element elementor-element-94d99b9 elementor-section-content-middle elementor-section-boxed elementor-section-height-default elementor-section-height-default\" data-id=\"94d99b9\" data-element_type=\"section\" data-settings=\"{&quot;background_background&quot;:&quot;classic&quot;}\">\n\t\t\t\t\t\t\t<div class=\"elementor-background-overlay\"><\/div>\n\t\t\t\t\t\t\t<div class=\"elementor-container elementor-column-gap-no\">\n\t\t\t\t\t<div class=\"elementor-column elementor-col-100 elementor-top-column elementor-element elementor-element-87ca78a\" data-id=\"87ca78a\" data-element_type=\"column\">\n\t\t\t<div class=\"elementor-widget-wrap elementor-element-populated\">\n\t\t\t\t\t\t<section class=\"elementor-section elementor-inner-section elementor-element elementor-element-f2fb530 elementor-section-boxed elementor-section-height-default elementor-section-height-default\" data-id=\"f2fb530\" data-element_type=\"section\">\n\t\t\t\t\t\t<div class=\"elementor-container elementor-column-gap-no\">\n\t\t\t\t\t<div class=\"elementor-column elementor-col-50 elementor-inner-column elementor-element elementor-element-6e942ba\" data-id=\"6e942ba\" data-element_type=\"column\" data-settings=\"{&quot;background_background&quot;:&quot;classic&quot;}\">\n\t\t\t<div class=\"elementor-widget-wrap elementor-element-populated\">\n\t\t\t\t\t\t<div class=\"elementor-element elementor-element-19c7e42 elementor-widget elementor-widget-heading\" data-id=\"19c7e42\" data-element_type=\"widget\" data-widget_type=\"heading.default\">\n\t\t\t\t<div class=\"elementor-widget-container\">\n\t\t\t<h4 class=\"elementor-heading-title elementor-size-default\">A Princess Izha-ba Adventure<\/h4>\t\t<\/div>\n\t\t\t\t<\/div>\n\t\t\t\t<div class=\"elementor-element elementor-element-7685494 elementor-widget elementor-widget-heading\" data-id=\"7685494\" data-element_type=\"widget\" data-widget_type=\"heading.default\">\n\t\t\t\t<div class=\"elementor-widget-container\">\n\t\t\t<h2 class=\"elementor-heading-title elementor-size-default\">The Temple Of The Crazed Gods<\/h2>\t\t<\/div>\n\t\t\t\t<\/div>\n\t\t\t\t<div class=\"elementor-element elementor-element-c5989dd elementor-widget-divider--view-line elementor-widget elementor-widget-divider\" data-id=\"c5989dd\" data-element_type=\"widget\" data-widget_type=\"divider.default\">\n\t\t\t\t<div class=\"elementor-widget-container\">\n\t\t\t\t\t<div class=\"elementor-divider\">\n\t\t\t<span class=\"elementor-divider-separator\">\n\t\t\t\t\t\t<\/span>\n\t\t<\/div>\n\t\t\t\t<\/div>\n\t\t\t\t<\/div>\n\t\t\t\t<div class=\"elementor-element elementor-element-87820cc elementor-list-item-link-inline elementor-hidden-desktop elementor-hidden-tablet elementor-hidden-mobile elementor-icon-list--layout-traditional elementor-invisible elementor-widget elementor-widget-icon-list\" data-id=\"87820cc\" data-element_type=\"widget\" data-settings=\"{&quot;_animation&quot;:&quot;headShake&quot;,&quot;_animation_delay&quot;:12000}\" data-widget_type=\"icon-list.default\">\n\t\t\t\t<div class=\"elementor-widget-container\">\n\t\t\t\t\t<ul class=\"elementor-icon-list-items\">\n\t\t\t\t\t\t\t<li class=\"elementor-icon-list-item\">\n\t\t\t\t\t\t\t\t\t\t\t<a href=\"https:\/\/izhaba.com\/medias\/\">\n\n\t\t\t\t\t\t\t\t\t\t\t\t<span class=\"elementor-icon-list-icon\">\n\t\t\t\t\t\t\t<i aria-hidden=\"true\" class=\"fas fa-satellite-dish\"><\/i>\t\t\t\t\t\t<\/span>\n\t\t\t\t\t\t\t\t\t\t<span class=\"elementor-icon-list-text\">Communiqu\u00e9s<\/span>\n\t\t\t\t\t\t\t\t\t\t\t<\/a>\n\t\t\t\t\t\t\t\t\t<\/li>\n\t\t\t\t\t\t<\/ul>\n\t\t\t\t<\/div>\n\t\t\t\t<\/div>\n\t\t\t\t<div class=\"elementor-element elementor-element-443c78d elementor-list-item-link-inline elementor-mobile-align-center elementor-hidden-desktop elementor-hidden-tablet elementor-hidden-mobile elementor-icon-list--layout-traditional elementor-invisible elementor-widget elementor-widget-icon-list\" data-id=\"443c78d\" data-element_type=\"widget\" data-settings=\"{&quot;_animation&quot;:&quot;tada&quot;,&quot;_animation_delay&quot;:500}\" data-widget_type=\"icon-list.default\">\n\t\t\t\t<div class=\"elementor-widget-container\">\n\t\t\t\t\t<ul class=\"elementor-icon-list-items\">\n\t\t\t\t\t\t\t<li class=\"elementor-icon-list-item\">\n\t\t\t\t\t\t\t\t\t\t\t<a href=\"#\">\n\n\t\t\t\t\t\t\t\t\t\t\t\t<span class=\"elementor-icon-list-icon\">\n\t\t\t\t\t\t\t<i aria-hidden=\"true\" class=\"fas fa-bullhorn\"><\/i>\t\t\t\t\t\t<\/span>\n\t\t\t\t\t\t\t\t\t\t<span class=\"elementor-icon-list-text\">Fra\u00eechement sorti des presses...<\/span>\n\t\t\t\t\t\t\t\t\t\t\t<\/a>\n\t\t\t\t\t\t\t\t\t<\/li>\n\t\t\t\t\t\t<\/ul>\n\t\t\t\t<\/div>\n\t\t\t\t<\/div>\n\t\t\t\t<div class=\"elementor-element elementor-element-3f22c06 elementor-widget elementor-widget-spacer\" data-id=\"3f22c06\" data-element_type=\"widget\" data-widget_type=\"spacer.default\">\n\t\t\t\t<div class=\"elementor-widget-container\">\n\t\t\t\t\t<div class=\"elementor-spacer\">\n\t\t\t<div class=\"elementor-spacer-inner\"><\/div>\n\t\t<\/div>\n\t\t\t\t<\/div>\n\t\t\t\t<\/div>\n\t\t\t\t\t<\/div>\n\t\t<\/div>\n\t\t\t\t<div class=\"elementor-column elementor-col-50 elementor-inner-column elementor-element elementor-element-707941d\" data-id=\"707941d\" data-element_type=\"column\" data-settings=\"{&quot;background_background&quot;:&quot;gradient&quot;}\">\n\t\t\t<div class=\"elementor-widget-wrap elementor-element-populated\">\n\t\t\t\t\t\t<div class=\"elementor-element elementor-element-597cd8e elementor--h-position-center elementor--v-position-middle elementor-arrows-position-inside elementor-widget elementor-widget-slides\" data-id=\"597cd8e\" data-element_type=\"widget\" data-settings=\"{&quot;navigation&quot;:&quot;arrows&quot;,&quot;transition&quot;:&quot;fade&quot;,&quot;transition_speed&quot;:1000,&quot;autoplay&quot;:&quot;yes&quot;,&quot;pause_on_hover&quot;:&quot;yes&quot;,&quot;pause_on_interaction&quot;:&quot;yes&quot;,&quot;autoplay_speed&quot;:5000,&quot;infinite&quot;:&quot;yes&quot;}\" data-widget_type=\"slides.default\">\n\t\t\t\t<div class=\"elementor-widget-container\">\n\t\t\t\t\t<div class=\"elementor-swiper\">\n\t\t\t<div class=\"elementor-slides-wrapper elementor-main-swiper swiper\" dir=\"ltr\" data-animation=\"zoomIn\">\n\t\t\t\t<div class=\"swiper-wrapper elementor-slides\">\n\t\t\t\t\t\t\t\t\t\t<div class=\"elementor-repeater-item-235841b swiper-slide\"><div class=\"swiper-slide-bg\" role=\"img\"><\/div><a class=\"swiper-slide-inner\" href=\"\/librairie\/le-temple-des-dieux-fous\/\"><div class=\"swiper-slide-contents\"><\/div><\/a><\/div>\t\t\t\t<\/div>\n\t\t\t\t\t\t\t<\/div>\n\t\t<\/div>\n\t\t\t\t<\/div>\n\t\t\t\t<\/div>\n\t\t\t\t<div class=\"elementor-element elementor-element-be87643 elementor-widget elementor-widget-text-editor\" data-id=\"be87643\" data-element_type=\"widget\" data-widget_type=\"text-editor.default\">\n\t\t\t\t<div class=\"elementor-widget-container\">\n\t\t\t\t\t\t\tThe fallen princess Izha-Ba and her companions Guy and Zarky will bravely travel to the farthest reaches of the galaxy and face many dangers to find the mythical treasure of the Temple of the Crazed Gods.\t\t\t\t\t\t<\/div>\n\t\t\t\t<\/div>\n\t\t\t\t<div class=\"elementor-element elementor-element-405850e elementor-align-center elementor-invisible elementor-widget elementor-widget-button\" data-id=\"405850e\" data-element_type=\"widget\" data-settings=\"{&quot;_animation&quot;:&quot;rubberBand&quot;,&quot;_animation_delay&quot;:2000}\" data-widget_type=\"button.default\">\n\t\t\t\t<div class=\"elementor-widget-container\">\n\t\t\t\t\t<div class=\"elementor-button-wrapper\">\n\t\t\t<a class=\"elementor-button elementor-button-link elementor-size-md\" href=\"\/en\/librairie\/the-temple-of-the-crazed-gods\/\">\n\t\t\t\t\t\t<span class=\"elementor-button-content-wrapper\">\n\t\t\t\t\t\t<span class=\"elementor-button-icon\">\n\t\t\t\t<i aria-hidden=\"true\" class=\"fas fa-arrow-alt-circle-right\"><\/i>\t\t\t<\/span>\n\t\t\t\t\t\t\t\t\t<span class=\"elementor-button-text\">order now!<\/span>\n\t\t\t\t\t<\/span>\n\t\t\t\t\t<\/a>\n\t\t<\/div>\n\t\t\t\t<\/div>\n\t\t\t\t<\/div>\n\t\t\t\t<div class=\"elementor-element elementor-element-0400882 elementor-widget elementor-widget-spacer\" data-id=\"0400882\" data-element_type=\"widget\" data-widget_type=\"spacer.default\">\n\t\t\t\t<div class=\"elementor-widget-container\">\n\t\t\t\t\t<div class=\"elementor-spacer\">\n\t\t\t<div class=\"elementor-spacer-inner\"><\/div>\n\t\t<\/div>\n\t\t\t\t<\/div>\n\t\t\t\t<\/div>\n\t\t\t\t\t<\/div>\n\t\t<\/div>\n\t\t\t\t\t<\/div>\n\t\t<\/section>\n\t\t\t\t<section class=\"elementor-section elementor-inner-section elementor-element elementor-element-af2f87a elementor-section-boxed elementor-section-height-default elementor-section-height-default\" data-id=\"af2f87a\" data-element_type=\"section\">\n\t\t\t\t\t\t<div class=\"elementor-container elementor-column-gap-default\">\n\t\t\t\t\t<div class=\"elementor-column elementor-col-100 elementor-inner-column elementor-element elementor-element-c9256aa\" data-id=\"c9256aa\" data-element_type=\"column\">\n\t\t\t<div class=\"elementor-widget-wrap elementor-element-populated\">\n\t\t\t\t\t\t<div class=\"elementor-element elementor-element-e57abf2 htmove-testmolial-content-center elementor-widget elementor-widget-move-testimonial\" data-id=\"e57abf2\" data-element_type=\"widget\" data-widget_type=\"move-testimonial.default\">\n\t\t\t\t<div class=\"elementor-widget-container\">\n\t\t\t<div class=\"htmove-testimonial-area htmove-slider-area\"><div class=\"htmove-swiper-slider swiper-container\" data-settings=\"{&quot;slideitem&quot;:{&quot;item&quot;:1,&quot;desktop&quot;:1,&quot;tablet&quot;:1,&quot;small_mobile&quot;:1,&quot;large_mobile&quot;:1,&quot;landscape_mobile&quot;:1},&quot;speed&quot;:2000,&quot;spacebetween&quot;:20,&quot;loop&quot;:true,&quot;autoplay&quot;:true,&quot;autoplay_delay&quot;:5000,&quot;navigation&quot;:true,&quot;pagination&quot;:false,&quot;uniqid&quot;:&quot;e57abf2&quot;,&quot;style&quot;:&quot;one&quot;,&quot;totalitem&quot;:3}\"><div class=\"swiper-wrapper\">            <div class=\"htmove-testimonial htmove-testimonial-one htmove-image-pos-top htmove-title-designation-after swiper-slide\" >\n                <span class=\"htmove-testimonial-quote\"><i aria-hidden=\"true\" class=\"fas fa-quote-right\"><\/i><\/span>                <!-- Testimonial Content Start -->\n                <div class=\"htmove-testimonial-content\">\n                    <div class=\"htmove-testimonial-text\"><p>I have never had so much fun ordering online! What a pleasure!<\/p><\/div>                    <div class=\"htmove-testimonial-info\">\n                        <h6 class=\"htmove-testimonial-name\">Val\u00e9rie<\/h6>                    <\/div>\n                <\/div>\n                <!-- Testimonial Content End -->\n            <\/div>\n                        <div class=\"htmove-testimonial htmove-testimonial-one htmove-image-pos-top htmove-title-designation-after swiper-slide\" >\n                <span class=\"htmove-testimonial-quote\"><i aria-hidden=\"true\" class=\"fas fa-quote-right\"><\/i><\/span>                <!-- Testimonial Content Start -->\n                <div class=\"htmove-testimonial-content\">\n                    <div class=\"htmove-testimonial-text\"><p>I was laughing out loud reading my copy!<\/p><\/div>                    <div class=\"htmove-testimonial-info\">\n                        <h6 class=\"htmove-testimonial-name\">Sarah<\/h6>                    <\/div>\n                <\/div>\n                <!-- Testimonial Content End -->\n            <\/div>\n                        <div class=\"htmove-testimonial htmove-testimonial-one htmove-image-pos-top htmove-title-designation-after swiper-slide\" >\n                <span class=\"htmove-testimonial-quote\"><i aria-hidden=\"true\" class=\"fas fa-quote-right\"><\/i><\/span>                <!-- Testimonial Content Start -->\n                <div class=\"htmove-testimonial-content\">\n                    <div class=\"htmove-testimonial-text\"><p>This is great!<\/p><\/div>                    <div class=\"htmove-testimonial-info\">\n                        <h6 class=\"htmove-testimonial-name\">Roxanne<\/h6>                    <\/div>\n                <\/div>\n                <!-- Testimonial Content End -->\n            <\/div>\n            <\/div><\/div><div class=\"htmove-navigation-style-one htmove-navigation-e57abf2 \"><div class=\"swiper-button-next\"><i aria-hidden=\"true\" class=\"fas fa-arrow-right\"><\/i><\/div><div class=\"swiper-button-prev\"><i aria-hidden=\"true\" class=\"fas fa-arrow-left\"><\/i><\/div><\/div><\/div>\t\t<\/div>\n\t\t\t\t<\/div>\n\t\t\t\t\t<\/div>\n\t\t<\/div>\n\t\t\t\t\t<\/div>\n\t\t<\/section>\n\t\t\t\t<section class=\"elementor-section elementor-inner-section elementor-element elementor-element-245412f elementor-section-boxed elementor-section-height-default elementor-section-height-default\" data-id=\"245412f\" data-element_type=\"section\">\n\t\t\t\t\t\t<div class=\"elementor-container elementor-column-gap-no\">\n\t\t\t\t\t<div class=\"elementor-column elementor-col-100 elementor-inner-column elementor-element elementor-element-072fa9b\" data-id=\"072fa9b\" data-element_type=\"column\" data-settings=\"{&quot;background_background&quot;:&quot;classic&quot;}\">\n\t\t\t<div class=\"elementor-widget-wrap elementor-element-populated\">\n\t\t\t\t\t\t<div class=\"elementor-element elementor-element-ac0ef78 elementor-widget elementor-widget-heading\" data-id=\"ac0ef78\" data-element_type=\"widget\" data-widget_type=\"heading.default\">\n\t\t\t\t<div class=\"elementor-widget-container\">\n\t\t\t<h4 class=\"elementor-heading-title elementor-size-default\">DISCLAIMER<\/h4>\t\t<\/div>\n\t\t\t\t<\/div>\n\t\t\t\t<div class=\"elementor-element elementor-element-1f3f79d elementor-widget elementor-widget-text-editor\" data-id=\"1f3f79d\" data-element_type=\"widget\" data-widget_type=\"text-editor.default\">\n\t\t\t\t<div class=\"elementor-widget-container\">\n\t\t\t\t\t\t\t<p>If you take the time to read this fine print, you either have more strength of character than most of the thinking entities in the galaxy, or you have far too much time on your hands. This beautiful transactional site has as its main objective to sell our books and appears, as you already suspect, to be full of subtle facetiousness, cackling hoaxes, and nonsense. <\/p>\n<p>Izhaba Editions, the authors Brisson and Chamberland, and facilitators Lorry and Sydnez (including the webmasters and bewildered editors), deny any responsibility for content that is confusing or misleading as to the true intentions of this website.<\/p>\n\t\t\t\t\t\t<\/div>\n\t\t\t\t<\/div>\n\t\t\t\t\t<\/div>\n\t\t<\/div>\n\t\t\t\t\t<\/div>\n\t\t<\/section>\n\t\t\t\t\t<\/div>\n\t\t<\/div>\n\t\t\t\t\t<\/div>\n\t\t<\/section>\n\t\t\t\t<\/div>\n\t\t","protected":false},"excerpt":{"rendered":"<p>A Princess Izha-ba Adventure The Temple Of The Crazed Gods Communiqu\u00e9s Fra\u00eechement sorti des presses&#8230; The fallen princess Izha-Ba and her companions Guy and Zarky will bravely travel to the farthest reaches of the galaxy and face many dangers to find the mythical treasure of the Temple of the Crazed Gods. order now! I have [&hellip;]<\/p>\n","protected":false},"author":2,"featured_media":0,"parent":0,"menu_order":0,"comment_status":"closed","ping_status":"closed","template":"","meta":{"footnotes":""},"class_list":["post-2870","page","type-page","status-publish","hentry"],"yoast_head":"<!-- This site is optimized with the Yoast SEO plugin v27.5 - https:\/\/yoast.com\/product\/yoast-seo-wordpress\/ -->\n<title>Le TEMPLE des DIEUX FOUS - Les \u00c9ditions Izhaba<\/title>\n<meta name=\"description\" content=\"Premi\u00e8re \u00e9dition limit\u00e9e \u00e0 500 exemplaires num\u00e9rot\u00e9s de 001 \u00e0 500 et sign\u00e9s par les auteurs, Luc Chamberland \u2013 Fran\u00e7ois Brisson. Imprim\u00e9 au Qu\u00e9bec.\" \/>\n<meta name=\"robots\" content=\"index, follow, max-snippet:-1, max-image-preview:large, max-video-preview:-1\" \/>\n<link rel=\"canonical\" href=\"https:\/\/izhaba.com\/\" \/>\n<meta property=\"og:locale\" content=\"en_US\" \/>\n<meta property=\"og:type\" content=\"article\" \/>\n<meta property=\"og:title\" content=\"Le TEMPLE des DIEUX FOUS - Les \u00c9ditions Izhaba\" \/>\n<meta property=\"og:description\" content=\"Premi\u00e8re \u00e9dition limit\u00e9e \u00e0 500 exemplaires num\u00e9rot\u00e9s de 001 \u00e0 500 et sign\u00e9s par les auteurs, Luc Chamberland \u2013 Fran\u00e7ois Brisson. Imprim\u00e9 au Qu\u00e9bec.\" \/>\n<meta property=\"og:url\" content=\"https:\/\/izhaba.com\/\" \/>\n<meta property=\"og:site_name\" content=\"Les \u00c9ditions Izhaba\" \/>\n<meta property=\"article:modified_time\" content=\"2023-12-21T00:34:48+00:00\" \/>\n<meta name=\"twitter:card\" content=\"summary_large_image\" \/>\n<meta name=\"twitter:title\" content=\"The TEMPLE of the CRAZED GODS\" \/>\n<meta name=\"twitter:description\" content=\"Premi\u00e8re \u00e9dition limit\u00e9e \u00e0 500 exemplaires num\u00e9rot\u00e9s de 001 \u00e0 500 et sign\u00e9s par les auteurs, Luc Chamberland \u2013 Fran\u00e7ois Brisson. Imprim\u00e9 au Qu\u00e9bec.\" \/>\n<meta name=\"twitter:label1\" content=\"Est. reading time\" \/>\n\t<meta name=\"twitter:data1\" content=\"1 minute\" \/>\n<script type=\"application\/ld+json\" class=\"yoast-schema-graph\">{\"@context\":\"https:\\\/\\\/schema.org\",\"@graph\":[{\"@type\":\"WebPage\",\"@id\":\"https:\\\/\\\/izhaba.com\\\/\",\"url\":\"https:\\\/\\\/izhaba.com\\\/\",\"name\":\"Le TEMPLE des DIEUX FOUS - Les \u00c9ditions Izhaba\",\"isPartOf\":{\"@id\":\"https:\\\/\\\/izhaba.com\\\/#website\"},\"datePublished\":\"2021-10-12T15:33:20+00:00\",\"dateModified\":\"2023-12-21T00:34:48+00:00\",\"description\":\"Premi\u00e8re \u00e9dition limit\u00e9e \u00e0 500 exemplaires num\u00e9rot\u00e9s de 001 \u00e0 500 et sign\u00e9s par les auteurs, Luc Chamberland \u2013 Fran\u00e7ois Brisson. Imprim\u00e9 au Qu\u00e9bec.\",\"breadcrumb\":{\"@id\":\"https:\\\/\\\/izhaba.com\\\/#breadcrumb\"},\"inLanguage\":\"en-US\",\"potentialAction\":[{\"@type\":\"ReadAction\",\"target\":[\"https:\\\/\\\/izhaba.com\\\/\"]}]},{\"@type\":\"BreadcrumbList\",\"@id\":\"https:\\\/\\\/izhaba.com\\\/#breadcrumb\",\"itemListElement\":[{\"@type\":\"ListItem\",\"position\":1,\"name\":\"Accueil\",\"item\":\"https:\\\/\\\/izhaba.com\\\/\"},{\"@type\":\"ListItem\",\"position\":2,\"name\":\"Le TEMPLE des DIEUX FOUS\"}]},{\"@type\":\"WebSite\",\"@id\":\"https:\\\/\\\/izhaba.com\\\/#website\",\"url\":\"https:\\\/\\\/izhaba.com\\\/\",\"name\":\"Les \u00c9ditions Izhaba\",\"description\":\"Perdu dans le n\u00e9ant de l&#039;espace, on \u00e9dite de beaux livres\",\"potentialAction\":[{\"@type\":\"SearchAction\",\"target\":{\"@type\":\"EntryPoint\",\"urlTemplate\":\"https:\\\/\\\/izhaba.com\\\/?s={search_term_string}\"},\"query-input\":{\"@type\":\"PropertyValueSpecification\",\"valueRequired\":true,\"valueName\":\"search_term_string\"}}],\"inLanguage\":\"en-US\"}]}<\/script>\n<!-- \/ Yoast SEO plugin. -->","yoast_head_json":{"title":"Le TEMPLE des DIEUX FOUS - Les \u00c9ditions Izhaba","description":"Premi\u00e8re \u00e9dition limit\u00e9e \u00e0 500 exemplaires num\u00e9rot\u00e9s de 001 \u00e0 500 et sign\u00e9s par les auteurs, Luc Chamberland \u2013 Fran\u00e7ois Brisson. Imprim\u00e9 au Qu\u00e9bec.","robots":{"index":"index","follow":"follow","max-snippet":"max-snippet:-1","max-image-preview":"max-image-preview:large","max-video-preview":"max-video-preview:-1"},"canonical":"https:\/\/izhaba.com\/","og_locale":"en_US","og_type":"article","og_title":"Le TEMPLE des DIEUX FOUS - Les \u00c9ditions Izhaba","og_description":"Premi\u00e8re \u00e9dition limit\u00e9e \u00e0 500 exemplaires num\u00e9rot\u00e9s de 001 \u00e0 500 et sign\u00e9s par les auteurs, Luc Chamberland \u2013 Fran\u00e7ois Brisson. Imprim\u00e9 au Qu\u00e9bec.","og_url":"https:\/\/izhaba.com\/","og_site_name":"Les \u00c9ditions Izhaba","article_modified_time":"2023-12-21T00:34:48+00:00","twitter_card":"summary_large_image","twitter_title":"The TEMPLE of the CRAZED GODS","twitter_description":"Premi\u00e8re \u00e9dition limit\u00e9e \u00e0 500 exemplaires num\u00e9rot\u00e9s de 001 \u00e0 500 et sign\u00e9s par les auteurs, Luc Chamberland \u2013 Fran\u00e7ois Brisson. Imprim\u00e9 au Qu\u00e9bec.","twitter_misc":{"Est. reading time":"1 minute"},"schema":{"@context":"https:\/\/schema.org","@graph":[{"@type":"WebPage","@id":"https:\/\/izhaba.com\/","url":"https:\/\/izhaba.com\/","name":"Le TEMPLE des DIEUX FOUS - Les \u00c9ditions Izhaba","isPartOf":{"@id":"https:\/\/izhaba.com\/#website"},"datePublished":"2021-10-12T15:33:20+00:00","dateModified":"2023-12-21T00:34:48+00:00","description":"Premi\u00e8re \u00e9dition limit\u00e9e \u00e0 500 exemplaires num\u00e9rot\u00e9s de 001 \u00e0 500 et sign\u00e9s par les auteurs, Luc Chamberland \u2013 Fran\u00e7ois Brisson. Imprim\u00e9 au Qu\u00e9bec.","breadcrumb":{"@id":"https:\/\/izhaba.com\/#breadcrumb"},"inLanguage":"en-US","potentialAction":[{"@type":"ReadAction","target":["https:\/\/izhaba.com\/"]}]},{"@type":"BreadcrumbList","@id":"https:\/\/izhaba.com\/#breadcrumb","itemListElement":[{"@type":"ListItem","position":1,"name":"Accueil","item":"https:\/\/izhaba.com\/"},{"@type":"ListItem","position":2,"name":"Le TEMPLE des DIEUX FOUS"}]},{"@type":"WebSite","@id":"https:\/\/izhaba.com\/#website","url":"https:\/\/izhaba.com\/","name":"Les \u00c9ditions Izhaba","description":"Perdu dans le n\u00e9ant de l&#039;espace, on \u00e9dite de beaux livres","potentialAction":[{"@type":"SearchAction","target":{"@type":"EntryPoint","urlTemplate":"https:\/\/izhaba.com\/?s={search_term_string}"},"query-input":{"@type":"PropertyValueSpecification","valueRequired":true,"valueName":"search_term_string"}}],"inLanguage":"en-US"}]}},"_links":{"self":[{"href":"https:\/\/izhaba.com\/en\/wp-json\/wp\/v2\/pages\/2870","targetHints":{"allow":["GET"]}}],"collection":[{"href":"https:\/\/izhaba.com\/en\/wp-json\/wp\/v2\/pages"}],"about":[{"href":"https:\/\/izhaba.com\/en\/wp-json\/wp\/v2\/types\/page"}],"author":[{"embeddable":true,"href":"https:\/\/izhaba.com\/en\/wp-json\/wp\/v2\/users\/2"}],"replies":[{"embeddable":true,"href":"https:\/\/izhaba.com\/en\/wp-json\/wp\/v2\/comments?post=2870"}],"version-history":[{"count":5,"href":"https:\/\/izhaba.com\/en\/wp-json\/wp\/v2\/pages\/2870\/revisions"}],"predecessor-version":[{"id":2967,"href":"https:\/\/izhaba.com\/en\/wp-json\/wp\/v2\/pages\/2870\/revisions\/2967"}],"wp:attachment":[{"href":"https:\/\/izhaba.com\/en\/wp-json\/wp\/v2\/media?parent=2870"}],"curies":[{"name":"wp","href":"https:\/\/api.w.org\/{rel}","templated":true}]}}