{"id":1068,"date":"2021-09-23T13:34:06","date_gmt":"2021-09-23T17:34:06","guid":{"rendered":"https:\/\/izhaba.com\/?post_type=product&#038;p=1068"},"modified":"2023-06-02T12:26:28","modified_gmt":"2023-06-02T16:26:28","slug":"la-lave-de-glace","status":"publish","type":"product","link":"https:\/\/izhaba.com\/en\/librairie\/la-lave-de-glace\/","title":{"rendered":"LA LAVE DE GLACE"},"content":{"rendered":"<h6><span style=\"color: #ff685e;\">R\u00e9sum\u00e9<\/span><\/h6>\n<p><span style=\"font-size: 14px;\">R\u00e9sume du livre ici<\/span><\/p>\n<h6><span style=\"color: #ff685e;\">D\u00e9tails<\/span><\/h6>\n<table border=\"0\" width=\"80%\" cellspacing=\"0\" cellpadding=\"0\">\n<tbody>\n<tr>\n<td style=\"border-bottom: 1px #616161 solid; border-left: 0; border-right: 0; border-top: 0; valign=middle; width: 30%;\">\u00c9diteur<\/td>\n<td style=\"border-bottom: 1px #616161 solid; border-left: 0; border-right: 0; border-top: 0; valign=middle; width: 70%;\">Les \u00c9ditions Izhaba<\/td>\n<\/tr>\n<tr>\n<td style=\"border-bottom: 1px #616161 solid; border-left: 0; border-right: 0; border-top: 0;\" valign=\"middle\">Dimensions<\/td>\n<td style=\"border-bottom: 1px #616161 solid; border-left: 0; border-right: 0; border-top: 0;\" valign=\"middle\">37 x 29 cm<\/td>\n<\/tr>\n<tr>\n<td style=\"border-bottom: 1px #616161 solid; border-left: 0; border-right: 0; border-top: 0;\" valign=\"middle\">Nombre de pages<\/td>\n<td style=\"border-bottom: 1px #616161 solid; border-left: 0; border-right: 0; border-top: 0;\" valign=\"middle\">76<\/td>\n<\/tr>\n<tr>\n<td style=\"border-bottom: 1px #616161 solid; border-left: 0; border-right: 0; border-top: 0;\" valign=\"middle\">ISBN<\/td>\n<td style=\"border-bottom: 1px #616161 solid; border-left: 0; border-right: 0; border-top: 0;\" valign=\"middle\">978-2-925186-00-7<\/td>\n<\/tr>\n<\/tbody>\n<\/table>\n","protected":false},"excerpt":{"rendered":"<p>Luc Chamberland &#8211; Fran\u00e7ois Brisson<\/p>\n","protected":false},"featured_media":1417,"comment_status":"open","ping_status":"closed","template":"","meta":[],"product_cat":[20],"product_tag":[],"class_list":{"0":"post-1068","1":"product","2":"type-product","3":"status-publish","4":"has-post-thumbnail","6":"product_cat-les-aventures-de-la-princesse-izha-ba","8":"first","9":"outofstock","10":"taxable","11":"shipping-taxable","12":"purchasable","13":"product-type-simple"},"yoast_head":"<!-- This site is optimized with the Yoast SEO plugin v27.5 - https:\/\/yoast.com\/product\/yoast-seo-wordpress\/ -->\n<title>LA LAVE DE GLACE - Les \u00c9ditions Izhaba<\/title>\n<meta name=\"robots\" content=\"index, follow, max-snippet:-1, max-image-preview:large, max-video-preview:-1\" \/>\n<link rel=\"canonical\" href=\"https:\/\/izhaba.com\/librairie\/la-lave-de-glace\/\" \/>\n<meta property=\"og:locale\" content=\"en_US\" \/>\n<meta property=\"og:type\" content=\"article\" \/>\n<meta property=\"og:title\" content=\"LA LAVE DE GLACE - Les \u00c9ditions Izhaba\" \/>\n<meta property=\"og:description\" content=\"Luc Chamberland - Fran\u00e7ois Brisson\" \/>\n<meta property=\"og:url\" content=\"https:\/\/izhaba.com\/librairie\/la-lave-de-glace\/\" \/>\n<meta property=\"og:site_name\" content=\"Les \u00c9ditions Izhaba\" \/>\n<meta property=\"article:modified_time\" content=\"2023-06-02T16:26:28+00:00\" \/>\n<meta property=\"og:image\" content=\"https:\/\/izhaba.com\/wp-content\/uploads\/2021\/07\/image-site_web-ALBUMS_12-LAVE-couleurbandeau-v4b.jpg\" \/>\n\t<meta property=\"og:image:width\" content=\"744\" \/>\n\t<meta property=\"og:image:height\" content=\"1056\" \/>\n\t<meta property=\"og:image:type\" content=\"image\/jpeg\" \/>\n<meta name=\"twitter:card\" content=\"summary_large_image\" \/>\n<meta name=\"twitter:label1\" content=\"Est. reading time\" \/>\n\t<meta name=\"twitter:data1\" content=\"1 minute\" \/>\n<script type=\"application\/ld+json\" class=\"yoast-schema-graph\">{\"@context\":\"https:\\\/\\\/schema.org\",\"@graph\":[{\"@type\":\"WebPage\",\"@id\":\"https:\\\/\\\/izhaba.com\\\/librairie\\\/la-lave-de-glace\\\/\",\"url\":\"https:\\\/\\\/izhaba.com\\\/librairie\\\/la-lave-de-glace\\\/\",\"name\":\"LA LAVE DE GLACE - Les \u00c9ditions Izhaba\",\"isPartOf\":{\"@id\":\"https:\\\/\\\/izhaba.com\\\/#website\"},\"primaryImageOfPage\":{\"@id\":\"https:\\\/\\\/izhaba.com\\\/librairie\\\/la-lave-de-glace\\\/#primaryimage\"},\"image\":{\"@id\":\"https:\\\/\\\/izhaba.com\\\/librairie\\\/la-lave-de-glace\\\/#primaryimage\"},\"thumbnailUrl\":\"https:\\\/\\\/izhaba.com\\\/wp-content\\\/uploads\\\/2021\\\/07\\\/image-site_web-ALBUMS_12-LAVE-couleurbandeau-v4b.jpg\",\"datePublished\":\"2021-09-23T17:34:06+00:00\",\"dateModified\":\"2023-06-02T16:26:28+00:00\",\"breadcrumb\":{\"@id\":\"https:\\\/\\\/izhaba.com\\\/librairie\\\/la-lave-de-glace\\\/#breadcrumb\"},\"inLanguage\":\"en-US\",\"potentialAction\":[{\"@type\":\"ReadAction\",\"target\":[\"https:\\\/\\\/izhaba.com\\\/librairie\\\/la-lave-de-glace\\\/\"]}]},{\"@type\":\"ImageObject\",\"inLanguage\":\"en-US\",\"@id\":\"https:\\\/\\\/izhaba.com\\\/librairie\\\/la-lave-de-glace\\\/#primaryimage\",\"url\":\"https:\\\/\\\/izhaba.com\\\/wp-content\\\/uploads\\\/2021\\\/07\\\/image-site_web-ALBUMS_12-LAVE-couleurbandeau-v4b.jpg\",\"contentUrl\":\"https:\\\/\\\/izhaba.com\\\/wp-content\\\/uploads\\\/2021\\\/07\\\/image-site_web-ALBUMS_12-LAVE-couleurbandeau-v4b.jpg\",\"width\":744,\"height\":1056,\"caption\":\"image-site_web-ALBUMS_12-LAVE-couleur+bandeau-v4b\"},{\"@type\":\"BreadcrumbList\",\"@id\":\"https:\\\/\\\/izhaba.com\\\/librairie\\\/la-lave-de-glace\\\/#breadcrumb\",\"itemListElement\":[{\"@type\":\"ListItem\",\"position\":1,\"name\":\"Accueil\",\"item\":\"https:\\\/\\\/izhaba.com\\\/\"},{\"@type\":\"ListItem\",\"position\":2,\"name\":\"Librairie\",\"item\":\"https:\\\/\\\/izhaba.com\\\/librairie\\\/\"},{\"@type\":\"ListItem\",\"position\":3,\"name\":\"LA LAVE DE GLACE\"}]},{\"@type\":\"WebSite\",\"@id\":\"https:\\\/\\\/izhaba.com\\\/#website\",\"url\":\"https:\\\/\\\/izhaba.com\\\/\",\"name\":\"Les \u00c9ditions Izhaba\",\"description\":\"Perdu dans le n\u00e9ant de l&#039;espace, on \u00e9dite de beaux livres\",\"potentialAction\":[{\"@type\":\"SearchAction\",\"target\":{\"@type\":\"EntryPoint\",\"urlTemplate\":\"https:\\\/\\\/izhaba.com\\\/?s={search_term_string}\"},\"query-input\":{\"@type\":\"PropertyValueSpecification\",\"valueRequired\":true,\"valueName\":\"search_term_string\"}}],\"inLanguage\":\"en-US\"}]}<\/script>\n<!-- \/ Yoast SEO plugin. -->","yoast_head_json":{"title":"LA LAVE DE GLACE - Les \u00c9ditions Izhaba","robots":{"index":"index","follow":"follow","max-snippet":"max-snippet:-1","max-image-preview":"max-image-preview:large","max-video-preview":"max-video-preview:-1"},"canonical":"https:\/\/izhaba.com\/librairie\/la-lave-de-glace\/","og_locale":"en_US","og_type":"article","og_title":"LA LAVE DE GLACE - Les \u00c9ditions Izhaba","og_description":"Luc Chamberland - Fran\u00e7ois Brisson","og_url":"https:\/\/izhaba.com\/librairie\/la-lave-de-glace\/","og_site_name":"Les \u00c9ditions Izhaba","article_modified_time":"2023-06-02T16:26:28+00:00","og_image":[{"width":744,"height":1056,"url":"https:\/\/izhaba.com\/wp-content\/uploads\/2021\/07\/image-site_web-ALBUMS_12-LAVE-couleurbandeau-v4b.jpg","type":"image\/jpeg"}],"twitter_card":"summary_large_image","twitter_misc":{"Est. reading time":"1 minute"},"schema":{"@context":"https:\/\/schema.org","@graph":[{"@type":"WebPage","@id":"https:\/\/izhaba.com\/librairie\/la-lave-de-glace\/","url":"https:\/\/izhaba.com\/librairie\/la-lave-de-glace\/","name":"LA LAVE DE GLACE - Les \u00c9ditions Izhaba","isPartOf":{"@id":"https:\/\/izhaba.com\/#website"},"primaryImageOfPage":{"@id":"https:\/\/izhaba.com\/librairie\/la-lave-de-glace\/#primaryimage"},"image":{"@id":"https:\/\/izhaba.com\/librairie\/la-lave-de-glace\/#primaryimage"},"thumbnailUrl":"https:\/\/izhaba.com\/wp-content\/uploads\/2021\/07\/image-site_web-ALBUMS_12-LAVE-couleurbandeau-v4b.jpg","datePublished":"2021-09-23T17:34:06+00:00","dateModified":"2023-06-02T16:26:28+00:00","breadcrumb":{"@id":"https:\/\/izhaba.com\/librairie\/la-lave-de-glace\/#breadcrumb"},"inLanguage":"en-US","potentialAction":[{"@type":"ReadAction","target":["https:\/\/izhaba.com\/librairie\/la-lave-de-glace\/"]}]},{"@type":"ImageObject","inLanguage":"en-US","@id":"https:\/\/izhaba.com\/librairie\/la-lave-de-glace\/#primaryimage","url":"https:\/\/izhaba.com\/wp-content\/uploads\/2021\/07\/image-site_web-ALBUMS_12-LAVE-couleurbandeau-v4b.jpg","contentUrl":"https:\/\/izhaba.com\/wp-content\/uploads\/2021\/07\/image-site_web-ALBUMS_12-LAVE-couleurbandeau-v4b.jpg","width":744,"height":1056,"caption":"image-site_web-ALBUMS_12-LAVE-couleur+bandeau-v4b"},{"@type":"BreadcrumbList","@id":"https:\/\/izhaba.com\/librairie\/la-lave-de-glace\/#breadcrumb","itemListElement":[{"@type":"ListItem","position":1,"name":"Accueil","item":"https:\/\/izhaba.com\/"},{"@type":"ListItem","position":2,"name":"Librairie","item":"https:\/\/izhaba.com\/librairie\/"},{"@type":"ListItem","position":3,"name":"LA LAVE DE GLACE"}]},{"@type":"WebSite","@id":"https:\/\/izhaba.com\/#website","url":"https:\/\/izhaba.com\/","name":"Les \u00c9ditions Izhaba","description":"Perdu dans le n\u00e9ant de l&#039;espace, on \u00e9dite de beaux livres","potentialAction":[{"@type":"SearchAction","target":{"@type":"EntryPoint","urlTemplate":"https:\/\/izhaba.com\/?s={search_term_string}"},"query-input":{"@type":"PropertyValueSpecification","valueRequired":true,"valueName":"search_term_string"}}],"inLanguage":"en-US"}]}},"_links":{"self":[{"href":"https:\/\/izhaba.com\/en\/wp-json\/wp\/v2\/product\/1068","targetHints":{"allow":["GET"]}}],"collection":[{"href":"https:\/\/izhaba.com\/en\/wp-json\/wp\/v2\/product"}],"about":[{"href":"https:\/\/izhaba.com\/en\/wp-json\/wp\/v2\/types\/product"}],"replies":[{"embeddable":true,"href":"https:\/\/izhaba.com\/en\/wp-json\/wp\/v2\/comments?post=1068"}],"version-history":[{"count":1,"href":"https:\/\/izhaba.com\/en\/wp-json\/wp\/v2\/product\/1068\/revisions"}],"predecessor-version":[{"id":1069,"href":"https:\/\/izhaba.com\/en\/wp-json\/wp\/v2\/product\/1068\/revisions\/1069"}],"wp:featuredmedia":[{"embeddable":true,"href":"https:\/\/izhaba.com\/en\/wp-json\/wp\/v2\/media\/1417"}],"wp:attachment":[{"href":"https:\/\/izhaba.com\/en\/wp-json\/wp\/v2\/media?parent=1068"}],"wp:term":[{"taxonomy":"product_cat","embeddable":true,"href":"https:\/\/izhaba.com\/en\/wp-json\/wp\/v2\/product_cat?post=1068"},{"taxonomy":"product_tag","embeddable":true,"href":"https:\/\/izhaba.com\/en\/wp-json\/wp\/v2\/product_tag?post=1068"}],"curies":[{"name":"wp","href":"https:\/\/api.w.org\/{rel}","templated":true}]}}