{"id":2880,"date":"2021-10-04T15:50:56","date_gmt":"2021-10-04T19:50:56","guid":{"rendered":"https:\/\/izhaba.com\/librairie\/the-temple-of-the-crazed-gods\/"},"modified":"2026-05-07T16:03:27","modified_gmt":"2026-05-07T20:03:27","slug":"the-temple-of-the-crazed-gods","status":"publish","type":"product","link":"https:\/\/izhaba.com\/en\/librairie\/the-temple-of-the-crazed-gods\/","title":{"rendered":"The Temple of the Crazed Gods"},"content":{"rendered":"\t\t<div data-elementor-type=\"product-post\" data-elementor-id=\"2880\" class=\"elementor elementor-2880 elementor-472\" data-elementor-post-type=\"product\">\n\t\t\t\t\t\t<section class=\"elementor-section elementor-top-section elementor-element elementor-element-3aeac95c elementor-section-boxed elementor-section-height-default elementor-section-height-default\" data-id=\"3aeac95c\" data-element_type=\"section\">\n\t\t\t\t\t\t<div class=\"elementor-container elementor-column-gap-default\">\n\t\t\t\t\t<div class=\"elementor-column elementor-col-100 elementor-top-column elementor-element elementor-element-61dcbc1f\" data-id=\"61dcbc1f\" data-element_type=\"column\">\n\t\t\t<div class=\"elementor-widget-wrap elementor-element-populated\">\n\t\t\t\t\t\t<div class=\"elementor-element elementor-element-4765c449 elementor-widget elementor-widget-text-editor\" data-id=\"4765c449\" data-element_type=\"widget\" data-widget_type=\"text-editor.default\">\n\t\t\t\t<div class=\"elementor-widget-container\">\n\t\t\t\t\t\t\t<h6><span style=\"color: #ff685e;\">The Temple of the Crazed Gods<\/span><\/h6>\n<div style=\"font-size: 16px; line-height: 1.1em; padding-left: 16px;\">\n\nFirst English edition limited to 50 copies. Printed in Quebec.\n\n<\/div>\n<h6><span style=\"color: #ff685e;\">\nSummary<\/span><\/h6>\n<div style=\"font-size: 16px; line-height: 1.1em; padding-left: 16px;\">\n\nThe fallen princess Izha-Ba and her companions Guy and Zarky will bravely travel to the farthest reaches of the galaxy and face many dangers to find the mythical treasure of the Temple of the Crazed Gods.\n\n<\/div>\n<h6><span style=\"color: #ff685e;\">\nDetails<\/span><\/h6>\n<table border=\"0\" width=\"80%\" cellspacing=\"0\" cellpadding=\"0\">\n<tbody>\n<tr>\n<td style=\"border-bottom: 1px #616161 solid; border-left: 0; border-right: 0; border-top: 0; valign=middle; width: 40%;\">Publisher<\/td>\n<td style=\"border-bottom: 1px #616161 solid; border-left: 0; border-right: 0; border-top: 0; valign=middle; width: 70%;\">Les \u00c9ditions Izhaba<\/td>\n<\/tr>\n<tr>\n<td style=\"border-bottom: 1px #616161 solid; border-left: 0; border-right: 0; border-top: 0;\" valign=\"middle\">Dimensions<\/td>\n<td style=\"border-bottom: 1px #616161 solid; border-left: 0; border-right: 0; border-top: 0;\" valign=\"middle\">28 x 20 x 1 cm<\/td>\n<\/tr>\n<tr>\n<td style=\"border-bottom: 1px #616161 solid; border-left: 0; border-right: 0; border-top: 0;\" valign=\"middle\">Weight<\/td>\n<td style=\"border-bottom: 1px #616161 solid; border-left: 0; border-right: 0; border-top: 0;\" valign=\"middle\">0,348 kg<\/td>\n<\/tr>\n<tr>\n<td style=\"border-bottom: 1px #616161 solid; border-left: 0; border-right: 0; border-top: 0;\" valign=\"middle\">Number of pages<\/td>\n<td style=\"border-bottom: 1px #616161 solid; border-left: 0; border-right: 0; border-top: 0;\" valign=\"middle\">76<\/td>\n<\/tr>\n<tr>\n<td style=\"border-bottom: 1px #616161 solid; border-left: 0; border-right: 0; border-top: 0;\" valign=\"middle\">ISBN<\/td>\n<td style=\"border-bottom: 1px #616161 solid; border-left: 0; border-right: 0; border-top: 0;\" valign=\"middle\">978-2-925186-00-7<\/td>\n<\/tr>\n<tr>\n<td style=\"border-bottom: 0px #616161 solid; border-left: 0; border-right: 0; border-top: 0;\" valign=\"middle\">Authors<\/td>\n<td style=\"border-bottom: 0px #616161 solid; border-left: 0; border-right: 0; border-top: 0;\" valign=\"middle\">Brisson &amp; Chamberland<\/td>\n<\/tr>\n<tr>\n<td style=\"border-bottom: 0px #616161 solid; border-left: 0; border-right: 0; border-top: 0;\" valign=\"middle\">Illustrator<\/td>\n<td style=\"border-bottom: 0px #616161 solid; border-left: 0; border-right: 0; border-top: 0;\" valign=\"middle\">Fran\u00e7ois Brisson<\/td>\n<\/tr>\n<tr>\n<td style=\"border-bottom: 1px #616161 solid; border-left: 0; border-right: 0; border-top: 0;\" valign=\"middle\">Text<\/td>\n<td style=\"border-bottom: 1px #616161 solid; border-left: 0; border-right: 0; border-top: 0;\" valign=\"middle\">Luc Chamberland<\/td>\n<\/tr>\n<tr>\n<td style=\"border-bottom: 0px #616161 solid; border-left: 0; border-right: 0; border-top: 0;\" valign=\"middle\">Color &amp; design<\/td>\n<td style=\"border-bottom: 0px #616161 solid; border-left: 0; border-right: 0; border-top: 0;\" valign=\"middle\">Luc Beauchemin<\/td>\n<\/tr>\n<tr>\n<td style=\"border-bottom: 0px #616161 solid; border-left: 0; border-right: 0; border-top: 0;\" valign=\"middle\">English editing<\/td>\n<td style=\"border-bottom: 0px #616161 solid; border-left: 0; border-right: 0; border-top: 0;\" valign=\"middle\">Clark Irving, Sari Buksner, Edith Skewes-Cox, Luc Beauchemin<\/td>\n<\/tr>\n<tr>\n<td style=\"border-bottom: 1px #616161 solid; border-left: 0; border-right: 0; border-top: 0;\" valign=\"middle\">Printing<\/td>\n<td style=\"border-bottom: 1px #616161 solid; border-left: 0; border-right: 0; border-top: 0;\" valign=\"middle\">Le Ca\u00efus du Livre<\/td>\n<\/tr>\n<\/tbody>\n<\/table>\n<h6><span style=\"color: #ff685e;\">\nDeliveries<\/span><\/h6>\n<div style=\"font-size: 16px; line-height: 1.1em; padding-left: 16px;\">\n\nFor deliveries, we do not use IMT<sup style=\"font-size: 60%;\">TM<\/sup> (Instant Molecular Transport <sup style=\"font-size: 60%;\">MC<\/sup>), which is too risky, as it can be detected by the kingdom&#8217;s security services. Intergalactic postal freighters are reliable and fast, even if they come from the farthest reaches of the galaxy. They make frequent stops at our interstellar clandestine warehouse hidden in the Canadian polar regions of planet Earth, on the outskirts of the Milky Way. It takes 6 to 15 business days to receive the packages. Be assured that the precious book will arrive at your door without fail. Thank you very much for your understanding and encouragement!\n\nLorry and Sydnez\n\n<\/div>\t\t\t\t\t\t<\/div>\n\t\t\t\t<\/div>\n\t\t\t\t\t<\/div>\n\t\t<\/div>\n\t\t\t\t\t<\/div>\n\t\t<\/section>\n\t\t\t\t<\/div>\n\t\t","protected":false},"excerpt":{"rendered":"<p>Fran\u00e7ois Brisson &#8211; Luc Chamberland<\/p>\n","protected":false},"featured_media":2845,"comment_status":"open","ping_status":"closed","template":"","meta":[],"product_cat":[50],"product_tag":[51],"class_list":{"0":"post-2880","1":"product","2":"type-product","3":"status-publish","4":"has-post-thumbnail","6":"product_cat-a-princess-izha-ba-adventure","7":"product_tag-temple-en","8":"product_shipping_class-version-papier","10":"first","11":"instock","12":"taxable","13":"shipping-taxable","14":"purchasable","15":"product-type-simple"},"yoast_head":"<!-- This site is optimized with the Yoast SEO plugin v27.5 - https:\/\/yoast.com\/product\/yoast-seo-wordpress\/ -->\n<title>The Temple of the Crazed Gods - Les \u00c9ditions Izhaba<\/title>\n<meta name=\"robots\" content=\"index, follow, max-snippet:-1, max-image-preview:large, max-video-preview:-1\" \/>\n<link rel=\"canonical\" href=\"https:\/\/izhaba.com\/en\/librairie\/the-temple-of-the-crazed-gods\/\" \/>\n<meta property=\"og:locale\" content=\"en_US\" \/>\n<meta property=\"og:type\" content=\"article\" \/>\n<meta property=\"og:title\" content=\"The Temple of the Crazed Gods - Les \u00c9ditions Izhaba\" \/>\n<meta property=\"og:description\" content=\"Fran\u00e7ois Brisson - Luc Chamberland\" \/>\n<meta property=\"og:url\" content=\"https:\/\/izhaba.com\/en\/librairie\/the-temple-of-the-crazed-gods\/\" \/>\n<meta property=\"og:site_name\" content=\"Les \u00c9ditions Izhaba\" \/>\n<meta property=\"article:modified_time\" content=\"2026-05-07T20:03:27+00:00\" \/>\n<meta property=\"og:image\" content=\"https:\/\/izhaba.com\/wp-content\/uploads\/2023\/05\/IzhaBa-1_anglais-CrazedGods-couverture_avant-705x1000-1.jpg\" \/>\n\t<meta property=\"og:image:width\" content=\"705\" \/>\n\t<meta property=\"og:image:height\" content=\"1000\" \/>\n\t<meta property=\"og:image:type\" content=\"image\/jpeg\" \/>\n<meta name=\"twitter:card\" content=\"summary_large_image\" \/>\n<script type=\"application\/ld+json\" class=\"yoast-schema-graph\">{\"@context\":\"https:\\\/\\\/schema.org\",\"@graph\":[{\"@type\":\"WebPage\",\"@id\":\"https:\\\/\\\/izhaba.com\\\/en\\\/librairie\\\/the-temple-of-the-crazed-gods\\\/\",\"url\":\"https:\\\/\\\/izhaba.com\\\/en\\\/librairie\\\/the-temple-of-the-crazed-gods\\\/\",\"name\":\"The Temple of the Crazed Gods - Les \u00c9ditions Izhaba\",\"isPartOf\":{\"@id\":\"https:\\\/\\\/izhaba.com\\\/#website\"},\"primaryImageOfPage\":{\"@id\":\"https:\\\/\\\/izhaba.com\\\/en\\\/librairie\\\/the-temple-of-the-crazed-gods\\\/#primaryimage\"},\"image\":{\"@id\":\"https:\\\/\\\/izhaba.com\\\/en\\\/librairie\\\/the-temple-of-the-crazed-gods\\\/#primaryimage\"},\"thumbnailUrl\":\"https:\\\/\\\/izhaba.com\\\/wp-content\\\/uploads\\\/2023\\\/05\\\/IzhaBa-1_anglais-CrazedGods-couverture_avant-705x1000-1.jpg\",\"datePublished\":\"2021-10-04T19:50:56+00:00\",\"dateModified\":\"2026-05-07T20:03:27+00:00\",\"breadcrumb\":{\"@id\":\"https:\\\/\\\/izhaba.com\\\/en\\\/librairie\\\/the-temple-of-the-crazed-gods\\\/#breadcrumb\"},\"inLanguage\":\"en-US\",\"potentialAction\":[{\"@type\":\"ReadAction\",\"target\":[\"https:\\\/\\\/izhaba.com\\\/en\\\/librairie\\\/the-temple-of-the-crazed-gods\\\/\"]}]},{\"@type\":\"ImageObject\",\"inLanguage\":\"en-US\",\"@id\":\"https:\\\/\\\/izhaba.com\\\/en\\\/librairie\\\/the-temple-of-the-crazed-gods\\\/#primaryimage\",\"url\":\"https:\\\/\\\/izhaba.com\\\/wp-content\\\/uploads\\\/2023\\\/05\\\/IzhaBa-1_anglais-CrazedGods-couverture_avant-705x1000-1.jpg\",\"contentUrl\":\"https:\\\/\\\/izhaba.com\\\/wp-content\\\/uploads\\\/2023\\\/05\\\/IzhaBa-1_anglais-CrazedGods-couverture_avant-705x1000-1.jpg\",\"width\":705,\"height\":1000},{\"@type\":\"BreadcrumbList\",\"@id\":\"https:\\\/\\\/izhaba.com\\\/en\\\/librairie\\\/the-temple-of-the-crazed-gods\\\/#breadcrumb\",\"itemListElement\":[{\"@type\":\"ListItem\",\"position\":1,\"name\":\"Accueil\",\"item\":\"https:\\\/\\\/izhaba.com\\\/\"},{\"@type\":\"ListItem\",\"position\":2,\"name\":\"Librairie\",\"item\":\"https:\\\/\\\/izhaba.com\\\/librairie\\\/\"},{\"@type\":\"ListItem\",\"position\":3,\"name\":\"The Temple of the Crazed Gods\"}]},{\"@type\":\"WebSite\",\"@id\":\"https:\\\/\\\/izhaba.com\\\/#website\",\"url\":\"https:\\\/\\\/izhaba.com\\\/\",\"name\":\"Les \u00c9ditions Izhaba\",\"description\":\"Perdu dans le n\u00e9ant de l&#039;espace, on \u00e9dite de beaux livres\",\"potentialAction\":[{\"@type\":\"SearchAction\",\"target\":{\"@type\":\"EntryPoint\",\"urlTemplate\":\"https:\\\/\\\/izhaba.com\\\/?s={search_term_string}\"},\"query-input\":{\"@type\":\"PropertyValueSpecification\",\"valueRequired\":true,\"valueName\":\"search_term_string\"}}],\"inLanguage\":\"en-US\"}]}<\/script>\n<!-- \/ Yoast SEO plugin. -->","yoast_head_json":{"title":"The Temple of the Crazed Gods - Les \u00c9ditions Izhaba","robots":{"index":"index","follow":"follow","max-snippet":"max-snippet:-1","max-image-preview":"max-image-preview:large","max-video-preview":"max-video-preview:-1"},"canonical":"https:\/\/izhaba.com\/en\/librairie\/the-temple-of-the-crazed-gods\/","og_locale":"en_US","og_type":"article","og_title":"The Temple of the Crazed Gods - Les \u00c9ditions Izhaba","og_description":"Fran\u00e7ois Brisson - Luc Chamberland","og_url":"https:\/\/izhaba.com\/en\/librairie\/the-temple-of-the-crazed-gods\/","og_site_name":"Les \u00c9ditions Izhaba","article_modified_time":"2026-05-07T20:03:27+00:00","og_image":[{"width":705,"height":1000,"url":"https:\/\/izhaba.com\/wp-content\/uploads\/2023\/05\/IzhaBa-1_anglais-CrazedGods-couverture_avant-705x1000-1.jpg","type":"image\/jpeg"}],"twitter_card":"summary_large_image","schema":{"@context":"https:\/\/schema.org","@graph":[{"@type":"WebPage","@id":"https:\/\/izhaba.com\/en\/librairie\/the-temple-of-the-crazed-gods\/","url":"https:\/\/izhaba.com\/en\/librairie\/the-temple-of-the-crazed-gods\/","name":"The Temple of the Crazed Gods - Les \u00c9ditions Izhaba","isPartOf":{"@id":"https:\/\/izhaba.com\/#website"},"primaryImageOfPage":{"@id":"https:\/\/izhaba.com\/en\/librairie\/the-temple-of-the-crazed-gods\/#primaryimage"},"image":{"@id":"https:\/\/izhaba.com\/en\/librairie\/the-temple-of-the-crazed-gods\/#primaryimage"},"thumbnailUrl":"https:\/\/izhaba.com\/wp-content\/uploads\/2023\/05\/IzhaBa-1_anglais-CrazedGods-couverture_avant-705x1000-1.jpg","datePublished":"2021-10-04T19:50:56+00:00","dateModified":"2026-05-07T20:03:27+00:00","breadcrumb":{"@id":"https:\/\/izhaba.com\/en\/librairie\/the-temple-of-the-crazed-gods\/#breadcrumb"},"inLanguage":"en-US","potentialAction":[{"@type":"ReadAction","target":["https:\/\/izhaba.com\/en\/librairie\/the-temple-of-the-crazed-gods\/"]}]},{"@type":"ImageObject","inLanguage":"en-US","@id":"https:\/\/izhaba.com\/en\/librairie\/the-temple-of-the-crazed-gods\/#primaryimage","url":"https:\/\/izhaba.com\/wp-content\/uploads\/2023\/05\/IzhaBa-1_anglais-CrazedGods-couverture_avant-705x1000-1.jpg","contentUrl":"https:\/\/izhaba.com\/wp-content\/uploads\/2023\/05\/IzhaBa-1_anglais-CrazedGods-couverture_avant-705x1000-1.jpg","width":705,"height":1000},{"@type":"BreadcrumbList","@id":"https:\/\/izhaba.com\/en\/librairie\/the-temple-of-the-crazed-gods\/#breadcrumb","itemListElement":[{"@type":"ListItem","position":1,"name":"Accueil","item":"https:\/\/izhaba.com\/"},{"@type":"ListItem","position":2,"name":"Librairie","item":"https:\/\/izhaba.com\/librairie\/"},{"@type":"ListItem","position":3,"name":"The Temple of the Crazed Gods"}]},{"@type":"WebSite","@id":"https:\/\/izhaba.com\/#website","url":"https:\/\/izhaba.com\/","name":"Les \u00c9ditions Izhaba","description":"Perdu dans le n\u00e9ant de l&#039;espace, on \u00e9dite de beaux livres","potentialAction":[{"@type":"SearchAction","target":{"@type":"EntryPoint","urlTemplate":"https:\/\/izhaba.com\/?s={search_term_string}"},"query-input":{"@type":"PropertyValueSpecification","valueRequired":true,"valueName":"search_term_string"}}],"inLanguage":"en-US"}]}},"_links":{"self":[{"href":"https:\/\/izhaba.com\/en\/wp-json\/wp\/v2\/product\/2880","targetHints":{"allow":["GET"]}}],"collection":[{"href":"https:\/\/izhaba.com\/en\/wp-json\/wp\/v2\/product"}],"about":[{"href":"https:\/\/izhaba.com\/en\/wp-json\/wp\/v2\/types\/product"}],"replies":[{"embeddable":true,"href":"https:\/\/izhaba.com\/en\/wp-json\/wp\/v2\/comments?post=2880"}],"version-history":[{"count":5,"href":"https:\/\/izhaba.com\/en\/wp-json\/wp\/v2\/product\/2880\/revisions"}],"predecessor-version":[{"id":2906,"href":"https:\/\/izhaba.com\/en\/wp-json\/wp\/v2\/product\/2880\/revisions\/2906"}],"wp:featuredmedia":[{"embeddable":true,"href":"https:\/\/izhaba.com\/en\/wp-json\/wp\/v2\/media\/2845"}],"wp:attachment":[{"href":"https:\/\/izhaba.com\/en\/wp-json\/wp\/v2\/media?parent=2880"}],"wp:term":[{"taxonomy":"product_cat","embeddable":true,"href":"https:\/\/izhaba.com\/en\/wp-json\/wp\/v2\/product_cat?post=2880"},{"taxonomy":"product_tag","embeddable":true,"href":"https:\/\/izhaba.com\/en\/wp-json\/wp\/v2\/product_tag?post=2880"}],"curies":[{"name":"wp","href":"https:\/\/api.w.org\/{rel}","templated":true}]}}