{"id":2990,"date":"2024-05-21T11:57:18","date_gmt":"2024-05-21T15:57:18","guid":{"rendered":"https:\/\/izhaba.com\/?post_type=product&#038;p=2990"},"modified":"2026-01-24T09:29:51","modified_gmt":"2026-01-24T14:29:51","slug":"cycle-meteore","status":"publish","type":"product","link":"https:\/\/izhaba.com\/en\/librairie\/cycle-meteore\/","title":{"rendered":"CYCLE M\u00c9T\u00c9ORE"},"content":{"rendered":"\t\t<div data-elementor-type=\"product-post\" data-elementor-id=\"2990\" class=\"elementor elementor-2990\" data-elementor-post-type=\"product\">\n\t\t\t\t\t\t<section class=\"elementor-section elementor-top-section elementor-element elementor-element-3aeac95c elementor-section-boxed elementor-section-height-default elementor-section-height-default\" data-id=\"3aeac95c\" data-element_type=\"section\">\n\t\t\t\t\t\t<div class=\"elementor-container elementor-column-gap-default\">\n\t\t\t\t\t<div class=\"elementor-column elementor-col-100 elementor-top-column elementor-element elementor-element-61dcbc1f\" data-id=\"61dcbc1f\" data-element_type=\"column\">\n\t\t\t<div class=\"elementor-widget-wrap elementor-element-populated\">\n\t\t\t\t\t\t<div class=\"elementor-element elementor-element-4765c449 elementor-widget elementor-widget-text-editor\" data-id=\"4765c449\" data-element_type=\"widget\" data-widget_type=\"text-editor.default\">\n\t\t\t\t<div class=\"elementor-widget-container\">\n\t\t\t\t\t\t\t<h6><span style=\"color: #ff685e;\">\nR\u00c9SUM\u00c9<\/span><\/h6>\n<div style=\"font-size: 16px; line-height: 1.1em; padding-left: 16px;\">\n\nNos intr\u00e9pides aventuriers, la princesse Izha-Ba et ses compagnons Guy et Zarky, sont \u00e0 la recherche d&#8217;un diamant g\u00e9ant, gros comme un ast\u00e9ro\u00efde. Cet objet c\u00e9leste d\u2019une valeur inestimable d\u00e9rive, d\u2019apr\u00e8s la l\u00e9gende, un peu trop pr\u00e8s d\u2019un trou noir, paradoxalement aussi mena\u00e7ant qu\u2019il est minuscule\u2026\n\n<\/div>\n<div style=\"color: #ff685e; margin-top: 20px;\">D\u00e9tails<\/div>\n<table border=\"0\" width=\"80%\" cellspacing=\"0\" cellpadding=\"0\">\n<tbody>\n<tr>\n<td style=\"border-bottom: 1px #616161 solid; border-left: 0; border-right: 0; border-top: 0; valign=middle; width: 40%;\">\u00c9diteur<\/td>\n<td style=\"border-bottom: 1px #616161 solid; border-left: 0; border-right: 0; border-top: 0; valign=middle; width: 70%;\">Les \u00c9ditions Izhaba<\/td>\n<\/tr>\n<tr>\n<td style=\"border-bottom: 1px #616161 solid; border-left: 0; border-right: 0; border-top: 0;\" valign=\"middle\">Dimensions<\/td>\n<td style=\"border-bottom: 1px #616161 solid; border-left: 0; border-right: 0; border-top: 0;\" valign=\"middle\">19,7 x 28 x 1 cm<\/td>\n<\/tr>\n<tr>\n<td style=\"border-bottom: 1px #616161 solid; border-left: 0; border-right: 0; border-top: 0;\" valign=\"middle\">Poids<\/td>\n<td style=\"border-bottom: 1px #616161 solid; border-left: 0; border-right: 0; border-top: 0;\" valign=\"middle\">0,348 kg<\/td>\n<\/tr>\n<tr>\n<td style=\"border-bottom: 1px #616161 solid; border-left: 0; border-right: 0; border-top: 0;\" valign=\"middle\">Nombre de pages<\/td>\n<td style=\"border-bottom: 1px #616161 solid; border-left: 0; border-right: 0; border-top: 0;\" valign=\"middle\">84<\/td>\n<\/tr>\n<tr>\n<td style=\"border-bottom: 1px #616161 solid; border-left: 0; border-right: 0; border-top: 0;\" valign=\"middle\">ISBN<\/td>\n<td style=\"border-bottom: 1px #616161 solid; border-left: 0; border-right: 0; border-top: 0;\" valign=\"middle\">978-2-925186-03-8<\/td>\n<\/tr>\n<tr>\n<td style=\"border-bottom: 0px #616161 solid; border-left: 0; border-right: 0; border-top: 0;\" valign=\"middle\">Sc\u00e9nario<\/td>\n<td style=\"border-bottom: 0px #616161 solid; border-left: 0; border-right: 0; border-top: 0;\" valign=\"middle\">Brisson &amp; Chamberland<\/td>\n<\/tr>\n<tr>\n<td style=\"border-bottom: 0px #616161 solid; border-left: 0; border-right: 0; border-top: 0;\" valign=\"middle\">Dessins<\/td>\n<td style=\"border-bottom: 0px #616161 solid; border-left: 0; border-right: 0; border-top: 0;\" valign=\"middle\">Fran\u00e7ois Brisson<\/td>\n<\/tr>\n<tr>\n<td style=\"border-bottom: 1px #616161 solid; border-left: 0; border-right: 0; border-top: 0;\" valign=\"middle\">Textes<\/td>\n<td style=\"border-bottom: 1px #616161 solid; border-left: 0; border-right: 0; border-top: 0;\" valign=\"middle\">Luc Chamberland<\/td>\n<\/tr>\n<tr>\n<td style=\"border-bottom: 0px #616161 solid; border-left: 0; border-right: 0; border-top: 0;\" valign=\"middle\">Couleur, r\u00e9vision linguistique et graphisme<\/td>\n<td style=\"border-bottom: 0px #616161 solid; border-left: 0; border-right: 0; border-top: 0;\" valign=\"middle\">Luc Beauchemin<\/td>\n<\/tr>\n\n<tr>\n<td style=\"border-bottom: 1px #616161 solid; border-left: 0; border-right: 0; border-top: 0;\" valign=\"middle\">Impression<\/td>\n<td style=\"border-bottom: 1px #616161 solid; border-left: 0; border-right: 0; border-top: 0;\" valign=\"middle\">Le Ca\u00efus du Livre<\/td>\n<\/tr>\n<\/tbody>\n<\/table>\n<h6><span style=\"color: #ff685e;\">\nLivraisons<\/span><\/h6>\n<div style=\"font-size: 16px; line-height: 1.1em; padding-left: 16px;\">\n\nPour les livraisons, nous n\u2019utilisons pas les TMI<sup style=\"font-size: 60%;\">MC<\/sup> (Transport mol\u00e9culaire instantan\u00e9<sup style=\"font-size: 60%;\">MC<\/sup>), m\u00e9thode trop risqu\u00e9e, car ceux-ci peuvent \u00eatre d\u00e9tect\u00e9s par les services de s\u00e9curit\u00e9 du royaume. Les cargos postaux intergalactiques sont fiables et rapides m\u00eame s\u2019ils proviennent des confins de la galaxie. Ils font des arr\u00eats fr\u00e9quents \u00e0 notre entrep\u00f4t clandestin interstellaire dissimul\u00e9 dans les r\u00e9gions polaires canadiennes de la plan\u00e8te Terre, en p\u00e9riph\u00e9rie de la Voie lact\u00e9e. Il faut donc patienter 6 \u00e0 15 jours terrestres ouvrables pour recevoir les colis.\n\nSoyez assur\u00e9 que le pr\u00e9cieux livre arrivera \u00e0 votre porte sans faute.\n\nMerci de tout c\u0153ur pour votre compr\u00e9hension et vos encouragements!\n\nLorry et Sydnez\n\n<\/div>\t\t\t\t\t\t<\/div>\n\t\t\t\t<\/div>\n\t\t\t\t\t<\/div>\n\t\t<\/div>\n\t\t\t\t\t<\/div>\n\t\t<\/section>\n\t\t\t\t<\/div>\n\t\t","protected":false},"excerpt":{"rendered":"<p>Fran\u00e7ois Brisson &#8211; Luc Chamberland<\/p>\n","protected":false},"featured_media":3013,"comment_status":"open","ping_status":"closed","template":"","meta":[],"product_cat":[20],"product_tag":[53],"class_list":{"0":"post-2990","1":"product","2":"type-product","3":"status-publish","4":"has-post-thumbnail","6":"product_cat-les-aventures-de-la-princesse-izha-ba","7":"product_tag-meteor","8":"product_shipping_class-papier","10":"first","11":"instock","12":"taxable","13":"shipping-taxable","14":"purchasable","15":"product-type-simple"},"yoast_head":"<!-- This site is optimized with the Yoast SEO plugin v27.5 - https:\/\/yoast.com\/product\/yoast-seo-wordpress\/ -->\n<title>CYCLE M\u00c9T\u00c9ORE - Les \u00c9ditions Izhaba<\/title>\n<meta name=\"robots\" content=\"index, follow, max-snippet:-1, max-image-preview:large, max-video-preview:-1\" \/>\n<link rel=\"canonical\" href=\"https:\/\/izhaba.com\/librairie\/cycle-meteore\/\" \/>\n<meta property=\"og:locale\" content=\"en_US\" \/>\n<meta property=\"og:type\" content=\"article\" \/>\n<meta property=\"og:title\" content=\"CYCLE M\u00c9T\u00c9ORE - Les \u00c9ditions Izhaba\" \/>\n<meta property=\"og:description\" content=\"Fran\u00e7ois Brisson - Luc Chamberland\" \/>\n<meta property=\"og:url\" content=\"https:\/\/izhaba.com\/librairie\/cycle-meteore\/\" \/>\n<meta property=\"og:site_name\" content=\"Les \u00c9ditions Izhaba\" \/>\n<meta property=\"article:modified_time\" content=\"2026-01-24T14:29:51+00:00\" \/>\n<meta property=\"og:image\" content=\"https:\/\/izhaba.com\/wp-content\/uploads\/2024\/05\/IzhaBa-3-METEORE-Album-Edition_2-11x775-v6-C1.png\" \/>\n\t<meta property=\"og:image:width\" content=\"1056\" \/>\n\t<meta property=\"og:image:height\" content=\"744\" \/>\n\t<meta property=\"og:image:type\" content=\"image\/png\" \/>\n<meta name=\"twitter:card\" content=\"summary_large_image\" \/>\n<script type=\"application\/ld+json\" class=\"yoast-schema-graph\">{\"@context\":\"https:\\\/\\\/schema.org\",\"@graph\":[{\"@type\":\"WebPage\",\"@id\":\"https:\\\/\\\/izhaba.com\\\/librairie\\\/cycle-meteore\\\/\",\"url\":\"https:\\\/\\\/izhaba.com\\\/librairie\\\/cycle-meteore\\\/\",\"name\":\"CYCLE M\u00c9T\u00c9ORE - Les \u00c9ditions Izhaba\",\"isPartOf\":{\"@id\":\"https:\\\/\\\/izhaba.com\\\/#website\"},\"primaryImageOfPage\":{\"@id\":\"https:\\\/\\\/izhaba.com\\\/librairie\\\/cycle-meteore\\\/#primaryimage\"},\"image\":{\"@id\":\"https:\\\/\\\/izhaba.com\\\/librairie\\\/cycle-meteore\\\/#primaryimage\"},\"thumbnailUrl\":\"https:\\\/\\\/izhaba.com\\\/wp-content\\\/uploads\\\/2024\\\/05\\\/IzhaBa-3-METEORE-Album-Edition_2-11x775-v6-C1.png\",\"datePublished\":\"2024-05-21T15:57:18+00:00\",\"dateModified\":\"2026-01-24T14:29:51+00:00\",\"breadcrumb\":{\"@id\":\"https:\\\/\\\/izhaba.com\\\/librairie\\\/cycle-meteore\\\/#breadcrumb\"},\"inLanguage\":\"en-US\",\"potentialAction\":[{\"@type\":\"ReadAction\",\"target\":[\"https:\\\/\\\/izhaba.com\\\/librairie\\\/cycle-meteore\\\/\"]}]},{\"@type\":\"ImageObject\",\"inLanguage\":\"en-US\",\"@id\":\"https:\\\/\\\/izhaba.com\\\/librairie\\\/cycle-meteore\\\/#primaryimage\",\"url\":\"https:\\\/\\\/izhaba.com\\\/wp-content\\\/uploads\\\/2024\\\/05\\\/IzhaBa-3-METEORE-Album-Edition_2-11x775-v6-C1.png\",\"contentUrl\":\"https:\\\/\\\/izhaba.com\\\/wp-content\\\/uploads\\\/2024\\\/05\\\/IzhaBa-3-METEORE-Album-Edition_2-11x775-v6-C1.png\",\"width\":1056,\"height\":744},{\"@type\":\"BreadcrumbList\",\"@id\":\"https:\\\/\\\/izhaba.com\\\/librairie\\\/cycle-meteore\\\/#breadcrumb\",\"itemListElement\":[{\"@type\":\"ListItem\",\"position\":1,\"name\":\"Accueil\",\"item\":\"https:\\\/\\\/izhaba.com\\\/\"},{\"@type\":\"ListItem\",\"position\":2,\"name\":\"Librairie\",\"item\":\"https:\\\/\\\/izhaba.com\\\/librairie\\\/\"},{\"@type\":\"ListItem\",\"position\":3,\"name\":\"CYCLE M\u00c9T\u00c9ORE\"}]},{\"@type\":\"WebSite\",\"@id\":\"https:\\\/\\\/izhaba.com\\\/#website\",\"url\":\"https:\\\/\\\/izhaba.com\\\/\",\"name\":\"Les \u00c9ditions Izhaba\",\"description\":\"Perdu dans le n\u00e9ant de l&#039;espace, on \u00e9dite de beaux livres\",\"potentialAction\":[{\"@type\":\"SearchAction\",\"target\":{\"@type\":\"EntryPoint\",\"urlTemplate\":\"https:\\\/\\\/izhaba.com\\\/?s={search_term_string}\"},\"query-input\":{\"@type\":\"PropertyValueSpecification\",\"valueRequired\":true,\"valueName\":\"search_term_string\"}}],\"inLanguage\":\"en-US\"}]}<\/script>\n<!-- \/ Yoast SEO plugin. -->","yoast_head_json":{"title":"CYCLE M\u00c9T\u00c9ORE - Les \u00c9ditions Izhaba","robots":{"index":"index","follow":"follow","max-snippet":"max-snippet:-1","max-image-preview":"max-image-preview:large","max-video-preview":"max-video-preview:-1"},"canonical":"https:\/\/izhaba.com\/librairie\/cycle-meteore\/","og_locale":"en_US","og_type":"article","og_title":"CYCLE M\u00c9T\u00c9ORE - Les \u00c9ditions Izhaba","og_description":"Fran\u00e7ois Brisson - Luc Chamberland","og_url":"https:\/\/izhaba.com\/librairie\/cycle-meteore\/","og_site_name":"Les \u00c9ditions Izhaba","article_modified_time":"2026-01-24T14:29:51+00:00","og_image":[{"width":1056,"height":744,"url":"https:\/\/izhaba.com\/wp-content\/uploads\/2024\/05\/IzhaBa-3-METEORE-Album-Edition_2-11x775-v6-C1.png","type":"image\/png"}],"twitter_card":"summary_large_image","schema":{"@context":"https:\/\/schema.org","@graph":[{"@type":"WebPage","@id":"https:\/\/izhaba.com\/librairie\/cycle-meteore\/","url":"https:\/\/izhaba.com\/librairie\/cycle-meteore\/","name":"CYCLE M\u00c9T\u00c9ORE - Les \u00c9ditions Izhaba","isPartOf":{"@id":"https:\/\/izhaba.com\/#website"},"primaryImageOfPage":{"@id":"https:\/\/izhaba.com\/librairie\/cycle-meteore\/#primaryimage"},"image":{"@id":"https:\/\/izhaba.com\/librairie\/cycle-meteore\/#primaryimage"},"thumbnailUrl":"https:\/\/izhaba.com\/wp-content\/uploads\/2024\/05\/IzhaBa-3-METEORE-Album-Edition_2-11x775-v6-C1.png","datePublished":"2024-05-21T15:57:18+00:00","dateModified":"2026-01-24T14:29:51+00:00","breadcrumb":{"@id":"https:\/\/izhaba.com\/librairie\/cycle-meteore\/#breadcrumb"},"inLanguage":"en-US","potentialAction":[{"@type":"ReadAction","target":["https:\/\/izhaba.com\/librairie\/cycle-meteore\/"]}]},{"@type":"ImageObject","inLanguage":"en-US","@id":"https:\/\/izhaba.com\/librairie\/cycle-meteore\/#primaryimage","url":"https:\/\/izhaba.com\/wp-content\/uploads\/2024\/05\/IzhaBa-3-METEORE-Album-Edition_2-11x775-v6-C1.png","contentUrl":"https:\/\/izhaba.com\/wp-content\/uploads\/2024\/05\/IzhaBa-3-METEORE-Album-Edition_2-11x775-v6-C1.png","width":1056,"height":744},{"@type":"BreadcrumbList","@id":"https:\/\/izhaba.com\/librairie\/cycle-meteore\/#breadcrumb","itemListElement":[{"@type":"ListItem","position":1,"name":"Accueil","item":"https:\/\/izhaba.com\/"},{"@type":"ListItem","position":2,"name":"Librairie","item":"https:\/\/izhaba.com\/librairie\/"},{"@type":"ListItem","position":3,"name":"CYCLE M\u00c9T\u00c9ORE"}]},{"@type":"WebSite","@id":"https:\/\/izhaba.com\/#website","url":"https:\/\/izhaba.com\/","name":"Les \u00c9ditions Izhaba","description":"Perdu dans le n\u00e9ant de l&#039;espace, on \u00e9dite de beaux livres","potentialAction":[{"@type":"SearchAction","target":{"@type":"EntryPoint","urlTemplate":"https:\/\/izhaba.com\/?s={search_term_string}"},"query-input":{"@type":"PropertyValueSpecification","valueRequired":true,"valueName":"search_term_string"}}],"inLanguage":"en-US"}]}},"_links":{"self":[{"href":"https:\/\/izhaba.com\/en\/wp-json\/wp\/v2\/product\/2990","targetHints":{"allow":["GET"]}}],"collection":[{"href":"https:\/\/izhaba.com\/en\/wp-json\/wp\/v2\/product"}],"about":[{"href":"https:\/\/izhaba.com\/en\/wp-json\/wp\/v2\/types\/product"}],"replies":[{"embeddable":true,"href":"https:\/\/izhaba.com\/en\/wp-json\/wp\/v2\/comments?post=2990"}],"version-history":[{"count":14,"href":"https:\/\/izhaba.com\/en\/wp-json\/wp\/v2\/product\/2990\/revisions"}],"predecessor-version":[{"id":3040,"href":"https:\/\/izhaba.com\/en\/wp-json\/wp\/v2\/product\/2990\/revisions\/3040"}],"wp:featuredmedia":[{"embeddable":true,"href":"https:\/\/izhaba.com\/en\/wp-json\/wp\/v2\/media\/3013"}],"wp:attachment":[{"href":"https:\/\/izhaba.com\/en\/wp-json\/wp\/v2\/media?parent=2990"}],"wp:term":[{"taxonomy":"product_cat","embeddable":true,"href":"https:\/\/izhaba.com\/en\/wp-json\/wp\/v2\/product_cat?post=2990"},{"taxonomy":"product_tag","embeddable":true,"href":"https:\/\/izhaba.com\/en\/wp-json\/wp\/v2\/product_tag?post=2990"}],"curies":[{"name":"wp","href":"https:\/\/api.w.org\/{rel}","templated":true}]}}